{"id":11711,"date":"2026-03-02T11:25:51","date_gmt":"2026-03-02T10:25:51","guid":{"rendered":"https:\/\/wegderhoffnung.org\/?page_id=11711"},"modified":"2026-04-18T16:35:07","modified_gmt":"2026-04-18T14:35:07","slug":"cocuklarda-kanser","status":"publish","type":"page","link":"https:\/\/umutyolu.org\/yeniumut\/cocuklarda-kanser","title":{"rendered":"\u00c7ocuklarda ve Gen\u00e7lerde Kanser"},"content":{"rendered":"\t\t<div data-elementor-type=\"wp-page\" data-elementor-id=\"11711\" class=\"elementor elementor-11711\">\n\t\t\t\t<div class=\"elementor-element elementor-element-1988437d e-flex e-con-boxed sc_layouts_column_icons_position_left e-con e-parent\" data-id=\"1988437d\" data-element_type=\"container\" data-e-type=\"container\">\n\t\t\t\t\t<div class=\"e-con-inner\">\n\t\t\t\t<div data-animation-type=\"block\" class=\"elementor-element elementor-element-7abd0c4b animation_type_block sc_fly_static elementor-invisible elementor-widget elementor-widget-heading\" data-id=\"7abd0c4b\" data-element_type=\"widget\" data-e-type=\"widget\" data-settings=\"{&quot;_animation&quot;:&quot;ta_fadeinup&quot;,&quot;_animation_delay&quot;:100}\" data-widget_type=\"heading.default\">\n\t\t\t\t\t<h1 class=\"elementor-heading-title elementor-size-default\">\u00c7ocuklarda ve Gen\u00e7lerde Kanser<\/h1>\t\t\t\t<\/div>\n\t\t\t\t<div data-animation-type=\"block\" class=\"elementor-element elementor-element-c22b953 animation_type_block sc_fly_static elementor-invisible elementor-widget elementor-widget-heading\" data-id=\"c22b953\" data-element_type=\"widget\" data-e-type=\"widget\" data-settings=\"{&quot;_animation&quot;:&quot;ta_fadeinup&quot;}\" data-widget_type=\"heading.default\">\n\t\t\t\t\t<h6 class=\"elementor-heading-title elementor-size-default\">Bilgi g\u00fc\u00e7t\u00fcr: Etkilenen aileler i\u00e7in rehber bilgiler\n<\/h6>\t\t\t\t<\/div>\n\t\t\t\t<div data-animation-type=\"block\" class=\"elementor-element elementor-element-244edcd3 animation_type_block sc_fly_static elementor-invisible elementor-widget elementor-widget-text-editor\" data-id=\"244edcd3\" data-element_type=\"widget\" data-e-type=\"widget\" data-settings=\"{&quot;_animation&quot;:&quot;ta_fadeinup&quot;,&quot;_animation_delay&quot;:100}\" data-widget_type=\"text-editor.default\">\n\t\t\t\t\t\t\t\t\t<p data-start=\"124\" data-end=\"408\">Kanser tan\u0131s\u0131, \u00e7o\u011fu aileyi tamamen haz\u0131rl\u0131ks\u0131z yakalar. Bu belirsizlik d\u00f6neminde g\u00fcvenilir bilgiye ula\u015fmak b\u00fcy\u00fck \u00f6nem ta\u015f\u0131r. Amac\u0131m\u0131z, hastal\u0131\u011f\u0131 daha iyi anlaman\u0131za yard\u0131mc\u0131 olmak ve bu yolda yaln\u0131z olmad\u0131\u011f\u0131n\u0131z\u0131 g\u00f6stermektir.<\/p>\t\t\t\t\t\t\t\t<\/div>\n\t\t\t\t\t<\/div>\n\t\t\t\t<\/div>\n\t\t<div class=\"elementor-element elementor-element-7c6eaaa8 e-flex e-con-boxed sc_layouts_column_icons_position_left e-con e-parent\" data-id=\"7c6eaaa8\" data-element_type=\"container\" data-e-type=\"container\" data-settings=\"{&quot;background_background&quot;:&quot;classic&quot;}\">\n\t\t\t\t\t<div class=\"e-con-inner\">\n\t\t\t\t<div data-animation-type=\"block\" class=\"elementor-element elementor-element-81dab45 elementor-widget__width-initial animation_type_block sc_fly_static elementor-invisible elementor-widget elementor-widget-heading\" data-id=\"81dab45\" data-element_type=\"widget\" data-e-type=\"widget\" data-settings=\"{&quot;_animation&quot;:&quot;ta_fadeinup&quot;,&quot;_animation_delay&quot;:100}\" data-widget_type=\"heading.default\">\n\t\t\t\t\t<h1 class=\"elementor-heading-title elementor-size-default\">Yard\u0131mc\u0131 Bilgiler: \u00c7ocuklarda ve Gen\u00e7lerde Kanser<\/h1>\t\t\t\t<\/div>\n\t\t\t\t<div data-animation-type=\"block\" class=\"elementor-element elementor-element-467bd580 animation_type_block sc_fly_static elementor-invisible elementor-widget elementor-widget-heading\" data-id=\"467bd580\" data-element_type=\"widget\" data-e-type=\"widget\" data-settings=\"{&quot;_animation&quot;:&quot;ta_fadeinup&quot;}\" data-widget_type=\"heading.default\">\n\t\t\t\t\t<h6 class=\"elementor-heading-title elementor-size-default\">Yard\u0131m Eliyle Umut Ye\u015fertmek<\/h6>\t\t\t\t<\/div>\n\t\t\t\t<div data-animation-type=\"block\" class=\"elementor-element elementor-element-755efdc2 animation_type_block sc_fly_static elementor-invisible elementor-widget elementor-widget-text-editor\" data-id=\"755efdc2\" data-element_type=\"widget\" data-e-type=\"widget\" data-settings=\"{&quot;_animation&quot;:&quot;ta_fadeinup&quot;,&quot;_animation_delay&quot;:100}\" data-widget_type=\"text-editor.default\">\n\t\t\t\t\t\t\t\t\t<p data-start=\"537\" data-end=\"859\">\u00c7ocuklarda ve gen\u00e7lerde g\u00f6r\u00fclen kanser t\u00fcrleri yeti\u015fkinlere k\u0131yasla daha nadir olsa da, bat\u0131 \u00fclkelerinde 1\u201315 ya\u015f aras\u0131 \u00e7ocuklarda hastal\u0131\u011fa ba\u011fl\u0131 \u00f6l\u00fcmlerin en yayg\u0131n nedenlerinden biridir. Her y\u0131l yaln\u0131zca Almanya\u2019da yakla\u015f\u0131k 2.000, Avrupa genelinde 12.000 ve d\u00fcnya \u00e7ap\u0131nda yakla\u015f\u0131k 160.000 yeni vaka te\u015fhis edilmektedir.<\/p>\t\t\t\t\t\t\t\t<\/div>\n\t\t\t\t<div data-animation-type=\"block\" class=\"elementor-element elementor-element-732d055 animation_type_block sc_fly_static elementor-invisible elementor-widget elementor-widget-heading\" data-id=\"732d055\" data-element_type=\"widget\" data-e-type=\"widget\" data-settings=\"{&quot;_animation&quot;:&quot;ta_fadeinup&quot;}\" data-widget_type=\"heading.default\">\n\t\t\t\t\t<h6 class=\"elementor-heading-title elementor-size-default\">En S\u0131k G\u00f6r\u00fclen Tan\u0131lar<\/h6>\t\t\t\t<\/div>\n\t\t\t\t<div data-animation-type=\"block\" class=\"elementor-element elementor-element-f74b3c2 animation_type_block sc_fly_static elementor-invisible elementor-widget elementor-widget-text-editor\" data-id=\"f74b3c2\" data-element_type=\"widget\" data-e-type=\"widget\" data-settings=\"{&quot;_animation&quot;:&quot;ta_fadeinup&quot;,&quot;_animation_delay&quot;:100}\" data-widget_type=\"text-editor.default\">\n\t\t\t\t\t\t\t\t\t<p data-start=\"909\" data-end=\"1042\">Kanser, y\u00fcz\u00fcn \u00fczerinde farkl\u0131 k\u00f6t\u00fc huylu hastal\u0131\u011f\u0131 kapsayan genel bir terimdir. \u00c7ocuklarda ve gen\u00e7lerde baz\u0131 t\u00fcrler daha s\u0131k g\u00f6r\u00fcl\u00fcr:<\/p>\t\t\t\t\t\t\t\t<\/div>\n\t\t\t\t<div data-animation-type=\"block\" class=\"elementor-element elementor-element-5485520 animation_type_block sc_fly_static elementor-invisible elementor-widget elementor-widget-text-editor\" data-id=\"5485520\" data-element_type=\"widget\" data-e-type=\"widget\" data-settings=\"{&quot;_animation&quot;:&quot;ta_fadeinup&quot;,&quot;_animation_delay&quot;:100}\" data-widget_type=\"text-editor.default\">\n\t\t\t\t\t\t\t\t\t<ul><li data-section-id=\"1wdazvp\" data-start=\"1044\" data-end=\"1108\"><strong data-start=\"1046\" data-end=\"1071\">L\u00f6semi (kan kanseri):<\/strong> %33,8 ile en yayg\u0131n tan\u0131 grubudur.<\/li><li data-section-id=\"15q9d06\" data-start=\"1109\" data-end=\"1168\"><strong data-start=\"1111\" data-end=\"1131\">Beyin t\u00fcm\u00f6rleri:<\/strong> Yakla\u015f\u0131k %20 ile ikinci s\u0131radad\u0131r.<\/li><li data-section-id=\"1mec5j7\" data-start=\"1169\" data-end=\"1227\"><strong data-start=\"1171\" data-end=\"1186\">Lenfomalar:<\/strong> Vakalar\u0131n yakla\u015f\u0131k %12,7\u2019sini olu\u015fturur.<\/li><\/ul>\t\t\t\t\t\t\t\t<\/div>\n\t\t\t\t<div data-animation-type=\"block\" class=\"elementor-element elementor-element-ae4babb animation_type_block sc_fly_static elementor-invisible elementor-widget elementor-widget-heading\" data-id=\"ae4babb\" data-element_type=\"widget\" data-e-type=\"widget\" data-settings=\"{&quot;_animation&quot;:&quot;ta_fadeinup&quot;}\" data-widget_type=\"heading.default\">\n\t\t\t\t\t<h6 class=\"elementor-heading-title elementor-size-default\">Ara\u015ft\u0131rmalardaki Geli\u015fmeler<\/h6>\t\t\t\t<\/div>\n\t\t\t\t<div data-animation-type=\"block\" class=\"elementor-element elementor-element-c9a47e9 animation_type_block sc_fly_static elementor-invisible elementor-widget elementor-widget-text-editor\" data-id=\"c9a47e9\" data-element_type=\"widget\" data-e-type=\"widget\" data-settings=\"{&quot;_animation&quot;:&quot;ta_fadeinup&quot;,&quot;_animation_delay&quot;:100}\" data-widget_type=\"text-editor.default\">\n\t\t\t\t\t\t\t\t\t<p data-path-to-node=\"8\">Etkilenen \u00e7ocuklar\u0131n b\u00fcy\u00fck bir k\u0131sm\u0131 geli\u015fmekte olan \u00fclkelerde ya\u015famaktad\u0131r. Ne yaz\u0131k ki bu b\u00f6lgelerde hastalar\u0131n yakla\u015f\u0131k %80\u2019i, modern tedavilere eri\u015fim veya zaman\u0131nda te\u015fhis imk\u00e2n\u0131 bulunmad\u0131\u011f\u0131 i\u00e7in hayat\u0131n\u0131 kaybetmektedir. Amac\u0131m\u0131z, bilin\u00e7lendirme ve destek \u00e7al\u0131\u015fmalar\u0131yla her \u00e7ocu\u011fun e\u015fit tedavi \u015fans\u0131na sahip olmas\u0131na katk\u0131da bulunmakt\u0131r.<\/p>\t\t\t\t\t\t\t\t<\/div>\n\t\t\t\t<div data-animation-type=\"block\" class=\"elementor-element elementor-element-6c4d25c animation_type_block sc_fly_static elementor-invisible elementor-widget elementor-widget-heading\" data-id=\"6c4d25c\" data-element_type=\"widget\" data-e-type=\"widget\" data-settings=\"{&quot;_animation&quot;:&quot;ta_fadeinup&quot;}\" data-widget_type=\"heading.default\">\n\t\t\t\t\t<h6 class=\"elementor-heading-title elementor-size-default\">K\u00fcresel Zorluklar<\/h6>\t\t\t\t<\/div>\n\t\t\t\t<div data-animation-type=\"block\" class=\"elementor-element elementor-element-beb3d49 animation_type_block sc_fly_static elementor-invisible elementor-widget elementor-widget-text-editor\" data-id=\"beb3d49\" data-element_type=\"widget\" data-e-type=\"widget\" data-settings=\"{&quot;_animation&quot;:&quot;ta_fadeinup&quot;,&quot;_animation_delay&quot;:100}\" data-widget_type=\"text-editor.default\">\n\t\t\t\t\t\t\t\t\t<p data-path-to-node=\"8\">Etkilenen \u00e7ocuklar\u0131n \u00f6nemli bir b\u00f6l\u00fcm\u00fc geli\u015fmekte olan \u00fclkelerde ya\u015famaktad\u0131r. Bu b\u00f6lgelerde modern tedavi imk\u00e2nlar\u0131na ve erken te\u015fhise eri\u015fimin s\u0131n\u0131rl\u0131 olmas\u0131 nedeniyle \u00f6l\u00fcm oranlar\u0131 h\u00e2l\u00e2 olduk\u00e7a y\u00fcksektir. Hedefimiz, destek ve fark\u0131ndal\u0131k \u00e7al\u0131\u015fmalar\u0131yla bu e\u015fitsizli\u011fi azaltmakt\u0131r.<\/p>\t\t\t\t\t\t\t\t<\/div>\n\t\t\t\t\t<\/div>\n\t\t\t\t<\/div>\n\t\t<div class=\"elementor-element elementor-element-706e1ab e-flex e-con-boxed sc_layouts_column_icons_position_left e-con e-parent\" data-id=\"706e1ab\" data-element_type=\"container\" data-e-type=\"container\">\n\t\t\t\t\t<div class=\"e-con-inner\">\n\t\t\t\t<div data-animation-type=\"block\" class=\"elementor-element elementor-element-620c464 elementor-widget__width-initial animation_type_block sc_fly_static elementor-invisible elementor-widget elementor-widget-heading\" data-id=\"620c464\" data-element_type=\"widget\" data-e-type=\"widget\" data-settings=\"{&quot;_animation&quot;:&quot;ta_fadeinup&quot;,&quot;_animation_delay&quot;:100}\" data-widget_type=\"heading.default\">\n\t\t\t\t\t<h1 class=\"elementor-heading-title elementor-size-default\">Kanser Nedir?<\/h1>\t\t\t\t<\/div>\n\t\t\t\t<div data-animation-type=\"block\" class=\"elementor-element elementor-element-86937bc animation_type_block sc_fly_static elementor-invisible elementor-widget elementor-widget-text-editor\" data-id=\"86937bc\" data-element_type=\"widget\" data-e-type=\"widget\" data-settings=\"{&quot;_animation&quot;:&quot;ta_fadeinup&quot;,&quot;_animation_delay&quot;:100}\" data-widget_type=\"text-editor.default\">\n\t\t\t\t\t\t\t\t\t<p data-path-to-node=\"4\">\u0130nsan v\u00fccudu s\u00fcrekli yenilenen milyarlarca h\u00fccreden olu\u015fur. Kanser, bu h\u00fccrelerin kontrols\u00fcz \u015fekilde \u00e7o\u011falmas\u0131yla ortaya \u00e7\u0131kan k\u00f6t\u00fc huylu hastal\u0131klar\u0131n genel ad\u0131d\u0131r. Bu anormal h\u00fccreler v\u00fccutta i\u015flev g\u00f6rmez, aksine sa\u011fl\u0131kl\u0131 dokular\u0131n yerini alarak zarar verir.<\/p>\t\t\t\t\t\t\t\t<\/div>\n\t\t<div class=\"elementor-element elementor-element-c6d80e9 e-con-full e-grid sc_layouts_column_icons_position_left e-con e-child\" data-id=\"c6d80e9\" data-element_type=\"container\" data-e-type=\"container\">\n\t\t<div data-animation-type=\"block\" class=\"elementor-element elementor-element-93207f2 e-con-full e-flex sc_layouts_column_icons_position_left animation_type_block elementor-invisible e-con e-child\" data-id=\"93207f2\" data-element_type=\"container\" data-e-type=\"container\" data-settings=\"{&quot;animation&quot;:&quot;ta_fadeinup&quot;,&quot;background_background&quot;:&quot;classic&quot;}\">\n\t\t\t\t<div class=\"elementor-element elementor-element-7d7cc8c elementor-view-default sc_fly_static elementor-widget elementor-widget-icon\" data-id=\"7d7cc8c\" data-element_type=\"widget\" data-e-type=\"widget\" data-widget_type=\"icon.default\">\n\t\t\t\t\t\t\t<div class=\"elementor-icon-wrapper\">\n\t\t\t<div class=\"elementor-icon\">\n\t\t\t<svg aria-hidden=\"true\" class=\"e-font-icon-svg e-fas-atom\" viewBox=\"0 0 448 512\" xmlns=\"http:\/\/www.w3.org\/2000\/svg\"><path d=\"M223.99908,224a32,32,0,1,0,32.00782,32A32.06431,32.06431,0,0,0,223.99908,224Zm214.172-96c-10.877-19.5-40.50979-50.75-116.27544-41.875C300.39168,34.875,267.63386,0,223.99908,0s-76.39066,34.875-97.89653,86.125C50.3369,77.375,20.706,108.5,9.82907,128-6.54984,157.375-5.17484,201.125,34.958,256-5.17484,310.875-6.54984,354.625,9.82907,384c29.13087,52.375,101.64652,43.625,116.27348,41.875C147.60842,477.125,180.36429,512,223.99908,512s76.3926-34.875,97.89652-86.125c14.62891,1.75,87.14456,10.5,116.27544-41.875C454.55,354.625,453.175,310.875,413.04017,256,453.175,201.125,454.55,157.375,438.171,128ZM63.33886,352c-4-7.25-.125-24.75,15.00391-48.25,6.87695,6.5,14.12891,12.875,21.88087,19.125,1.625,13.75,4,27.125,6.75,40.125C82.34472,363.875,67.09081,358.625,63.33886,352Zm36.88478-162.875c-7.752,6.25-15.00392,12.625-21.88087,19.125-15.12891-23.5-19.00392-41-15.00391-48.25,3.377-6.125,16.37891-11.5,37.88478-11.5,1.75,0,3.875.375,5.75.375C104.09864,162.25,101.84864,175.625,100.22364,189.125ZM223.99908,64c9.50195,0,22.25586,13.5,33.88282,37.25-11.252,3.75-22.50391,8-33.88282,12.875-11.377-4.875-22.62892-9.125-33.88283-12.875C201.74516,77.5,214.49712,64,223.99908,64Zm0,384c-9.502,0-22.25392-13.5-33.88283-37.25,11.25391-3.75,22.50587-8,33.88283-12.875C235.378,402.75,246.62994,407,257.8819,410.75,246.25494,434.5,233.501,448,223.99908,448Zm0-112a80,80,0,1,1,80-80A80.00023,80.00023,0,0,1,223.99908,336ZM384.6593,352c-3.625,6.625-19.00392,11.875-43.63479,11,2.752-13,5.127-26.375,6.752-40.125,7.75195-6.25,15.00391-12.625,21.87891-19.125C384.7843,327.25,388.6593,344.75,384.6593,352ZM369.65538,208.25c-6.875-6.5-14.127-12.875-21.87891-19.125-1.625-13.5-3.875-26.875-6.752-40.25,1.875,0,4.002-.375,5.752-.375,21.50391,0,34.50782,5.375,37.88283,11.5C388.6593,167.25,384.7843,184.75,369.65538,208.25Z\"><\/path><\/svg>\t\t\t<\/div>\n\t\t<\/div>\n\t\t\t\t\t\t<\/div>\n\t\t<div class=\"elementor-element elementor-element-26f42f8 e-con-full e-flex sc_layouts_column_icons_position_left e-con e-child\" data-id=\"26f42f8\" data-element_type=\"container\" data-e-type=\"container\">\n\t\t\t\t<div class=\"elementor-element elementor-element-06b800b sc_fly_static elementor-widget elementor-widget-heading\" data-id=\"06b800b\" data-element_type=\"widget\" data-e-type=\"widget\" data-widget_type=\"heading.default\">\n\t\t\t\t\t<h5 class=\"elementor-heading-title elementor-size-default\">T\u00fcm\u00f6rler:<\/h5>\t\t\t\t<\/div>\n\t\t\t\t<div class=\"elementor-element elementor-element-33be397 sc_fly_static elementor-widget elementor-widget-text-editor\" data-id=\"33be397\" data-element_type=\"widget\" data-e-type=\"widget\" data-widget_type=\"text-editor.default\">\n\t\t\t\t\t\t\t\t\t<p data-start=\"2274\" data-end=\"2370\">Bu hastal\u0131kl\u0131 h\u00fccrelerin bir araya gelmesiyle olu\u015fan kitlelere t\u00fcm\u00f6r ad\u0131 verilir.<\/p>\t\t\t\t\t\t\t\t<\/div>\n\t\t\t\t<\/div>\n\t\t\t\t<\/div>\n\t\t<div data-animation-type=\"block\" class=\"elementor-element elementor-element-9d0d339 e-con-full e-flex sc_layouts_column_icons_position_left animation_type_block elementor-invisible e-con e-child\" data-id=\"9d0d339\" data-element_type=\"container\" data-e-type=\"container\" data-settings=\"{&quot;animation&quot;:&quot;ta_fadeinup&quot;,&quot;background_background&quot;:&quot;classic&quot;}\">\n\t\t\t\t<div class=\"elementor-element elementor-element-7751810 elementor-view-default sc_fly_static elementor-widget elementor-widget-icon\" data-id=\"7751810\" data-element_type=\"widget\" data-e-type=\"widget\" data-widget_type=\"icon.default\">\n\t\t\t\t\t\t\t<div class=\"elementor-icon-wrapper\">\n\t\t\t<div class=\"elementor-icon\">\n\t\t\t<svg aria-hidden=\"true\" class=\"e-font-icon-svg e-fas-project-diagram\" viewBox=\"0 0 640 512\" xmlns=\"http:\/\/www.w3.org\/2000\/svg\"><path d=\"M384 320H256c-17.67 0-32 14.33-32 32v128c0 17.67 14.33 32 32 32h128c17.67 0 32-14.33 32-32V352c0-17.67-14.33-32-32-32zM192 32c0-17.67-14.33-32-32-32H32C14.33 0 0 14.33 0 32v128c0 17.67 14.33 32 32 32h95.72l73.16 128.04C211.98 300.98 232.4 288 256 288h.28L192 175.51V128h224V64H192V32zM608 0H480c-17.67 0-32 14.33-32 32v128c0 17.67 14.33 32 32 32h128c17.67 0 32-14.33 32-32V32c0-17.67-14.33-32-32-32z\"><\/path><\/svg>\t\t\t<\/div>\n\t\t<\/div>\n\t\t\t\t\t\t<\/div>\n\t\t<div class=\"elementor-element elementor-element-30dfdf7 e-con-full e-flex sc_layouts_column_icons_position_left e-con e-child\" data-id=\"30dfdf7\" data-element_type=\"container\" data-e-type=\"container\">\n\t\t\t\t<div class=\"elementor-element elementor-element-dc613bb sc_fly_static elementor-widget elementor-widget-heading\" data-id=\"dc613bb\" data-element_type=\"widget\" data-e-type=\"widget\" data-widget_type=\"heading.default\">\n\t\t\t\t\t<h5 class=\"elementor-heading-title elementor-size-default\">Metastazlar:<\/h5>\t\t\t\t<\/div>\n\t\t\t\t<div class=\"elementor-element elementor-element-8d322db sc_fly_static elementor-widget elementor-widget-text-editor\" data-id=\"8d322db\" data-element_type=\"widget\" data-e-type=\"widget\" data-widget_type=\"text-editor.default\">\n\t\t\t\t\t\t\t\t\t<p data-start=\"2372\" data-end=\"2487\">Kanserli h\u00fccrelerin v\u00fccudun ba\u015fka b\u00f6lgelerine yay\u0131l\u0131p yeni t\u00fcm\u00f6rler olu\u015fturmas\u0131na metastaz denir.<\/p>\t\t\t\t\t\t\t\t<\/div>\n\t\t\t\t<\/div>\n\t\t\t\t<\/div>\n\t\t<div data-animation-type=\"block\" class=\"elementor-element elementor-element-5fe2f03 e-con-full e-flex sc_layouts_column_icons_position_left animation_type_block elementor-invisible e-con e-child\" data-id=\"5fe2f03\" data-element_type=\"container\" data-e-type=\"container\" data-settings=\"{&quot;animation&quot;:&quot;ta_fadeinup&quot;,&quot;background_background&quot;:&quot;classic&quot;}\">\n\t\t\t\t<div class=\"elementor-element elementor-element-9c43e53 elementor-view-default sc_fly_static elementor-widget elementor-widget-icon\" data-id=\"9c43e53\" data-element_type=\"widget\" data-e-type=\"widget\" data-widget_type=\"icon.default\">\n\t\t\t\t\t\t\t<div class=\"elementor-icon-wrapper\">\n\t\t\t<div class=\"elementor-icon\">\n\t\t\t<svg aria-hidden=\"true\" class=\"e-font-icon-svg e-fas-tint\" viewBox=\"0 0 352 512\" xmlns=\"http:\/\/www.w3.org\/2000\/svg\"><path d=\"M205.22 22.09c-7.94-28.78-49.44-30.12-58.44 0C100.01 179.85 0 222.72 0 333.91 0 432.35 78.72 512 176 512s176-79.65 176-178.09c0-111.75-99.79-153.34-146.78-311.82zM176 448c-61.75 0-112-50.25-112-112 0-8.84 7.16-16 16-16s16 7.16 16 16c0 44.11 35.89 80 80 80 8.84 0 16 7.16 16 16s-7.16 16-16 16z\"><\/path><\/svg>\t\t\t<\/div>\n\t\t<\/div>\n\t\t\t\t\t\t<\/div>\n\t\t<div class=\"elementor-element elementor-element-0313d1f e-con-full e-flex sc_layouts_column_icons_position_left e-con e-child\" data-id=\"0313d1f\" data-element_type=\"container\" data-e-type=\"container\">\n\t\t\t\t<div class=\"elementor-element elementor-element-ae886a9 sc_fly_static elementor-widget elementor-widget-heading\" data-id=\"ae886a9\" data-element_type=\"widget\" data-e-type=\"widget\" data-widget_type=\"heading.default\">\n\t\t\t\t\t<h5 class=\"elementor-heading-title elementor-size-default\">L\u00f6semi:<\/h5>\t\t\t\t<\/div>\n\t\t\t\t<div class=\"elementor-element elementor-element-40fd69c sc_fly_static elementor-widget elementor-widget-text-editor\" data-id=\"40fd69c\" data-element_type=\"widget\" data-e-type=\"widget\" data-widget_type=\"text-editor.default\">\n\t\t\t\t\t\t\t\t\t<p data-start=\"2489\" data-end=\"2597\">Kanser, kan \u00fcretiminden sorumlu organlar\u0131 etkiledi\u011finde bu hastal\u0131k l\u00f6semi olarak adland\u0131r\u0131l\u0131r.<\/p>\t\t\t\t\t\t\t\t<\/div>\n\t\t\t\t<\/div>\n\t\t\t\t<\/div>\n\t\t\t\t<\/div>\n\t\t\t\t\t<\/div>\n\t\t\t\t<\/div>\n\t\t<div class=\"elementor-element elementor-element-79d9857 e-flex e-con-boxed sc_layouts_column_icons_position_left e-con e-parent\" data-id=\"79d9857\" data-element_type=\"container\" data-e-type=\"container\" data-settings=\"{&quot;background_background&quot;:&quot;classic&quot;}\">\n\t\t\t\t\t<div class=\"e-con-inner\">\n\t\t\t\t<div data-animation-type=\"block\" class=\"elementor-element elementor-element-5abf358 elementor-widget__width-initial animation_type_block sc_fly_static elementor-invisible elementor-widget elementor-widget-heading\" data-id=\"5abf358\" data-element_type=\"widget\" data-e-type=\"widget\" data-settings=\"{&quot;_animation&quot;:&quot;ta_fadeinup&quot;,&quot;_animation_delay&quot;:100}\" data-widget_type=\"heading.default\">\n\t\t\t\t\t<h1 class=\"elementor-heading-title elementor-size-default\">Proton Terapisi: Kanserle M\u00fccadelede En Y\u00fcksek Hassasiyet<\/h1>\t\t\t\t<\/div>\n\t\t\t\t<div data-animation-type=\"block\" class=\"elementor-element elementor-element-b0e85f7 animation_type_block sc_fly_static elementor-invisible elementor-widget elementor-widget-heading\" data-id=\"b0e85f7\" data-element_type=\"widget\" data-e-type=\"widget\" data-settings=\"{&quot;_animation&quot;:&quot;ta_fadeinup&quot;}\" data-widget_type=\"heading.default\">\n\t\t\t\t\t<h6 class=\"elementor-heading-title elementor-size-default\">Yard\u0131m Eliyle Umut Ye\u015fertmek<\/h6>\t\t\t\t<\/div>\n\t\t\t\t<div data-animation-type=\"block\" class=\"elementor-element elementor-element-f252b3c animation_type_block sc_fly_static elementor-invisible elementor-widget elementor-widget-text-editor\" data-id=\"f252b3c\" data-element_type=\"widget\" data-e-type=\"widget\" data-settings=\"{&quot;_animation&quot;:&quot;ta_fadeinup&quot;,&quot;_animation_delay&quot;:100}\" data-widget_type=\"text-editor.default\">\n\t\t\t\t\t\t\t\t\t<p data-start=\"2734\" data-end=\"3032\">Bir\u00e7ok \u00e7ocukluk \u00e7a\u011f\u0131 t\u00fcm\u00f6r\u00fcnde proton terapisi, klasik radyoterapiye g\u00f6re daha hassas ve koruyucu bir tedavi se\u00e7ene\u011fi sunar. Milimetre d\u00fczeyindeki hedefleme sayesinde sa\u011fl\u0131kl\u0131 dokular ve geli\u015fmekte olan organlar b\u00fcy\u00fck \u00f6l\u00e7\u00fcde korunur. Bu da uzun vadeli yan etkilerin \u00f6nemli \u00f6l\u00e7\u00fcde azalmas\u0131n\u0131 sa\u011flar.<\/p><p data-start=\"3034\" data-end=\"3153\">Etkilenen ailelerin bu ileri teknolojiye eri\u015fimini sa\u011flamak i\u00e7in uzman merkezlerle yak\u0131n i\u015f birli\u011fi i\u00e7inde \u00e7al\u0131\u015f\u0131yoruz.<\/p>\t\t\t\t\t\t\t\t<\/div>\n\t\t\t\t<div class=\"elementor-element elementor-element-0ad24b3 sc_fly_static elementor-widget elementor-widget-button\" data-id=\"0ad24b3\" data-element_type=\"widget\" data-e-type=\"widget\" data-widget_type=\"button.default\">\n\t\t\t\t\t\t\t\t\t\t<a class=\"elementor-button elementor-button-link elementor-size-sm\" href=\"https:\/\/www.wpe-uk.de\/\">\n\t\t\t\t\t\t<span class=\"elementor-button-content-wrapper\">\n\t\t\t\t\t\t\t\t\t<span class=\"elementor-button-text\">Proton Terapisi<\/span>\n\t\t\t\t\t<\/span>\n\t\t\t\t\t<\/a>\n\t\t\t\t\t\t\t\t<\/div>\n\t\t\t\t\t<\/div>\n\t\t\t\t<\/div>\n\t\t<div class=\"elementor-element elementor-element-a516ee8 e-flex e-con-boxed sc_layouts_column_icons_position_left e-con e-child\" data-id=\"a516ee8\" data-element_type=\"container\" data-e-type=\"container\" data-settings=\"{&quot;background_background&quot;:&quot;classic&quot;}\">\n\t\t\t\t\t<div class=\"e-con-inner\">\n\t\t\t\t<div data-animation-type=\"block\" class=\"elementor-element elementor-element-1c1e2d4 animation_type_block sc_fly_static elementor-invisible elementor-widget elementor-widget-heading\" data-id=\"1c1e2d4\" data-element_type=\"widget\" data-e-type=\"widget\" data-settings=\"{&quot;_animation&quot;:&quot;ta_fadein&quot;}\" data-widget_type=\"heading.default\">\n\t\t\t\t\t<h3 class=\"elementor-heading-title elementor-size-default\">Her yuvaya umut ta\u015f\u0131mak i\u00e7in el ele verelim<\/h3>\t\t\t\t<\/div>\n\t\t\t\t\t<\/div>\n\t\t\t\t<\/div>\n\t\t\t\t<\/div>\n\t\t","protected":false},"excerpt":{"rendered":"<p>\u00c7ocuklarda ve Gen\u00e7lerde Kanser Bilgi g\u00fc\u00e7t\u00fcr: Etkilenen aileler i\u00e7in rehber bilgiler Kanser tan\u0131s\u0131,&hellip;<\/p>\n","protected":false},"author":8,"featured_media":0,"parent":0,"menu_order":0,"comment_status":"closed","ping_status":"closed","template":"","meta":{"footnotes":""},"class_list":["post-11711","page","type-page","status-publish","hentry"],"jetpack_sharing_enabled":true,"_links":{"self":[{"href":"https:\/\/umutyolu.org\/yeniumut\/wp-json\/wp\/v2\/pages\/11711","targetHints":{"allow":["GET"]}}],"collection":[{"href":"https:\/\/umutyolu.org\/yeniumut\/wp-json\/wp\/v2\/pages"}],"about":[{"href":"https:\/\/umutyolu.org\/yeniumut\/wp-json\/wp\/v2\/types\/page"}],"author":[{"embeddable":true,"href":"https:\/\/umutyolu.org\/yeniumut\/wp-json\/wp\/v2\/users\/8"}],"replies":[{"embeddable":true,"href":"https:\/\/umutyolu.org\/yeniumut\/wp-json\/wp\/v2\/comments?post=11711"}],"version-history":[{"count":17,"href":"https:\/\/umutyolu.org\/yeniumut\/wp-json\/wp\/v2\/pages\/11711\/revisions"}],"predecessor-version":[{"id":13506,"href":"https:\/\/umutyolu.org\/yeniumut\/wp-json\/wp\/v2\/pages\/11711\/revisions\/13506"}],"wp:attachment":[{"href":"https:\/\/umutyolu.org\/yeniumut\/wp-json\/wp\/v2\/media?parent=11711"}],"curies":[{"name":"wp","href":"https:\/\/api.w.org\/{rel}","templated":true}]}}