{"id":11753,"date":"2026-03-02T13:48:13","date_gmt":"2026-03-02T12:48:13","guid":{"rendered":"https:\/\/wegderhoffnung.org\/?page_id=11753"},"modified":"2026-04-18T16:44:06","modified_gmt":"2026-04-18T14:44:06","slug":"kok-hucre-bagisi","status":"publish","type":"page","link":"https:\/\/umutyolu.org\/yeniumut\/kok-hucre-bagisi","title":{"rendered":"K\u00f6k H\u00fccre Ba\u011f\u0131\u015f\u0131"},"content":{"rendered":"\t\t<div data-elementor-type=\"wp-page\" data-elementor-id=\"11753\" class=\"elementor elementor-11753\">\n\t\t\t\t<div class=\"elementor-element elementor-element-1988437d e-flex e-con-boxed sc_layouts_column_icons_position_left e-con e-parent\" data-id=\"1988437d\" data-element_type=\"container\" data-e-type=\"container\">\n\t\t\t\t\t<div class=\"e-con-inner\">\n\t\t\t\t<div data-animation-type=\"block\" class=\"elementor-element elementor-element-7abd0c4b animation_type_block sc_fly_static elementor-invisible elementor-widget elementor-widget-heading\" data-id=\"7abd0c4b\" data-element_type=\"widget\" data-e-type=\"widget\" data-settings=\"{&quot;_animation&quot;:&quot;ta_fadeinup&quot;,&quot;_animation_delay&quot;:100}\" data-widget_type=\"heading.default\">\n\t\t\t\t\t<h1 class=\"elementor-heading-title elementor-size-default\">K\u00f6k H\u00fccre Ba\u011f\u0131\u015f\u0131: Bir Hayat Kurtar\u0131n<\/h1>\t\t\t\t<\/div>\n\t\t\t\t<div data-animation-type=\"block\" class=\"elementor-element elementor-element-31cc8f3 animation_type_block sc_fly_static elementor-invisible elementor-widget elementor-widget-heading\" data-id=\"31cc8f3\" data-element_type=\"widget\" data-e-type=\"widget\" data-settings=\"{&quot;_animation&quot;:&quot;ta_fadeinup&quot;}\" data-widget_type=\"heading.default\">\n\t\t\t\t\t<h6 class=\"elementor-heading-title elementor-size-default\">Hayat kurtarmaya haz\u0131r m\u0131s\u0131n\u0131z?<\/h6>\t\t\t\t<\/div>\n\t\t\t\t<div data-animation-type=\"block\" class=\"elementor-element elementor-element-244edcd3 animation_type_block sc_fly_static elementor-invisible elementor-widget elementor-widget-text-editor\" data-id=\"244edcd3\" data-element_type=\"widget\" data-e-type=\"widget\" data-settings=\"{&quot;_animation&quot;:&quot;ta_fadeinup&quot;,&quot;_animation_delay&quot;:100}\" data-widget_type=\"text-editor.default\">\n\t\t\t\t\t\t\t\t\t<p data-path-to-node=\"4\">Yaln\u0131zca Almanya\u2019da her y\u0131l yakla\u015f\u0131k 12.000 ki\u015fi l\u00f6semi veya di\u011fer k\u00f6t\u00fc huylu kan hastal\u0131klar\u0131na yakalanmaktad\u0131r. Bu hastalar\u0131n bir\u00e7o\u011fu i\u00e7in k\u00f6k h\u00fccre nakli tek ya\u015fama \u015fans\u0131d\u0131r. Kaydolarak siz de bu insanlara iyile\u015fme umudu verebilirsiniz.<\/p>\t\t\t\t\t\t\t\t<\/div>\n\t\t\t\t<div class=\"elementor-element elementor-element-7d21954 sc_fly_static elementor-widget elementor-widget-video\" data-id=\"7d21954\" data-element_type=\"widget\" data-e-type=\"widget\" data-settings=\"{&quot;youtube_url&quot;:&quot;https:\\\/\\\/www.youtube.com\\\/watch?v=JYrLDlYGeMs&quot;,&quot;video_type&quot;:&quot;youtube&quot;,&quot;controls&quot;:&quot;yes&quot;}\" data-widget_type=\"video.default\">\n\t\t\t\t\t\t\t<div class=\"elementor-wrapper elementor-open-inline\">\n\t\t\t<div class=\"elementor-video\"><\/div>\t\t<\/div>\n\t\t\t\t\t\t<\/div>\n\t\t\t\t\t<\/div>\n\t\t\t\t<\/div>\n\t\t<div class=\"elementor-element elementor-element-7c6eaaa8 e-flex e-con-boxed sc_layouts_column_icons_position_left e-con e-parent\" data-id=\"7c6eaaa8\" data-element_type=\"container\" data-e-type=\"container\" data-settings=\"{&quot;background_background&quot;:&quot;classic&quot;}\">\n\t\t\t\t\t<div class=\"e-con-inner\">\n\t\t\t\t<div data-animation-type=\"block\" class=\"elementor-element elementor-element-81dab45 elementor-widget__width-initial animation_type_block sc_fly_static elementor-invisible elementor-widget elementor-widget-heading\" data-id=\"81dab45\" data-element_type=\"widget\" data-e-type=\"widget\" data-settings=\"{&quot;_animation&quot;:&quot;ta_fadeinup&quot;,&quot;_animation_delay&quot;:100}\" data-widget_type=\"heading.default\">\n\t\t\t\t\t<h1 class=\"elementor-heading-title elementor-size-default\">\u0130ki Y\u00f6ntem, Tek Ama\u00e7: Ba\u011f\u0131\u015f Nas\u0131l Ger\u00e7ekle\u015fir?<\/h1>\t\t\t\t<\/div>\n\t\t<div class=\"elementor-element elementor-element-66e3ba4 e-con-full e-grid sc_layouts_column_icons_position_left e-con e-child\" data-id=\"66e3ba4\" data-element_type=\"container\" data-e-type=\"container\">\n\t\t\t\t<div class=\"elementor-element elementor-element-2c1f5d6 sc_fly_static elementor-widget elementor-widget-image\" data-id=\"2c1f5d6\" data-element_type=\"widget\" data-e-type=\"widget\" data-widget_type=\"image.default\">\n\t\t\t\t\t\t\t\t\t\t\t\t\t\t\t<img fetchpriority=\"high\" decoding=\"async\" width=\"751\" height=\"768\" src=\"https:\/\/umutyolu.org\/yeniumut\/wp-content\/uploads\/2018\/05\/Stammzellenentnahme_Apherese.png\" class=\"attachment-large size-large wp-image-966\" alt=\"\" srcset=\"https:\/\/umutyolu.org\/yeniumut\/wp-content\/uploads\/2018\/05\/Stammzellenentnahme_Apherese.png 751w, https:\/\/umutyolu.org\/yeniumut\/wp-content\/uploads\/2018\/05\/Stammzellenentnahme_Apherese-293x300.png 293w, https:\/\/umutyolu.org\/yeniumut\/wp-content\/uploads\/2018\/05\/Stammzellenentnahme_Apherese-370x378.png 370w, https:\/\/umutyolu.org\/yeniumut\/wp-content\/uploads\/2018\/05\/Stammzellenentnahme_Apherese-410x419.png 410w\" sizes=\"(max-width: 767px) 100vw, 751px\" \/>\t\t\t\t\t\t\t\t\t\t\t\t\t\t\t<\/div>\n\t\t<div class=\"elementor-element elementor-element-9ad666b e-con-full e-flex sc_layouts_column_icons_position_left e-con e-child\" data-id=\"9ad666b\" data-element_type=\"container\" data-e-type=\"container\">\n\t\t<div class=\"elementor-element elementor-element-2472d8e e-con-full e-flex sc_layouts_column_icons_position_left e-con e-child\" data-id=\"2472d8e\" data-element_type=\"container\" data-e-type=\"container\">\n\t\t\t\t<div data-animation-type=\"block\" class=\"elementor-element elementor-element-467bd580 animation_type_block sc_fly_static elementor-invisible elementor-widget elementor-widget-heading\" data-id=\"467bd580\" data-element_type=\"widget\" data-e-type=\"widget\" data-settings=\"{&quot;_animation&quot;:&quot;ta_fadeinup&quot;}\" data-widget_type=\"heading.default\">\n\t\t\t\t\t<h6 class=\"elementor-heading-title elementor-size-default\">1. Periferik k\u00f6k h\u00fccre ba\u011f\u0131\u015f\u0131<\/h6>\t\t\t\t<\/div>\n\t\t\t\t<div data-animation-type=\"block\" class=\"elementor-element elementor-element-2a34d60 animation_type_block sc_fly_static elementor-invisible elementor-widget elementor-widget-text-editor\" data-id=\"2a34d60\" data-element_type=\"widget\" data-e-type=\"widget\" data-settings=\"{&quot;_animation&quot;:&quot;ta_fadeinup&quot;,&quot;_animation_delay&quot;:100}\" data-widget_type=\"text-editor.default\">\n\t\t\t\t\t\t\t\t\t<p data-path-to-node=\"10\">En yayg\u0131n y\u00f6ntemdir (kan ba\u011f\u0131\u015f\u0131na benzer bir s\u00fcre\u00e7tir).<\/p><ul><li data-section-id=\"utmcws\" data-start=\"571\" data-end=\"695\"><strong data-start=\"573\" data-end=\"586\">Haz\u0131rl\u0131k:<\/strong> Be\u015f g\u00fcn boyunca v\u00fccudun kendi \u00fcretti\u011fi bir madde (G-CSF) uygulanarak k\u00f6k h\u00fccrelerin kana ge\u00e7mesi sa\u011flan\u0131r.<\/li><li data-section-id=\"117qon4\" data-start=\"696\" data-end=\"813\"><strong data-start=\"698\" data-end=\"708\">S\u00fcre\u00e7:<\/strong> H\u00fccreler, \u00f6zel bir y\u00f6ntemle (aferez) ayakta tedavi kapsam\u0131nda kandan toplan\u0131r. Hastanede yat\u0131\u015f gerekmez.<\/li><\/ul>\t\t\t\t\t\t\t\t<\/div>\n\t\t\t\t<\/div>\n\t\t<div class=\"elementor-element elementor-element-3f0b4e2 e-con-full e-flex sc_layouts_column_icons_position_left e-con e-child\" data-id=\"3f0b4e2\" data-element_type=\"container\" data-e-type=\"container\">\n\t\t\t\t<div data-animation-type=\"block\" class=\"elementor-element elementor-element-8bb1198 animation_type_block sc_fly_static elementor-invisible elementor-widget elementor-widget-heading\" data-id=\"8bb1198\" data-element_type=\"widget\" data-e-type=\"widget\" data-settings=\"{&quot;_animation&quot;:&quot;ta_fadeinup&quot;}\" data-widget_type=\"heading.default\">\n\t\t\t\t\t<h6 class=\"elementor-heading-title elementor-size-default\">2. Kemik ili\u011fi ba\u011f\u0131\u015f\u0131<\/h6>\t\t\t\t<\/div>\n\t\t\t\t<div data-animation-type=\"block\" class=\"elementor-element elementor-element-3cecf82 animation_type_block sc_fly_static elementor-invisible elementor-widget elementor-widget-text-editor\" data-id=\"3cecf82\" data-element_type=\"widget\" data-e-type=\"widget\" data-settings=\"{&quot;_animation&quot;:&quot;ta_fadeinup&quot;,&quot;_animation_delay&quot;:100}\" data-widget_type=\"text-editor.default\">\n\t\t\t\t\t\t\t\t\t<ul><li data-section-id=\"1s2l0pn\" data-start=\"844\" data-end=\"949\"><strong data-start=\"846\" data-end=\"856\">S\u00fcre\u00e7:<\/strong> Genel anestezi alt\u0131nda, kal\u00e7a kemi\u011finden yakla\u015f\u0131k 1 litre kemik ili\u011fi-kan kar\u0131\u015f\u0131m\u0131 al\u0131n\u0131r.<\/li><li data-section-id=\"13nvn9e\" data-start=\"950\" data-end=\"1036\"><strong data-start=\"952\" data-end=\"966\">Yenilenme:<\/strong> V\u00fccut, al\u0131nan bu miktar\u0131 yakla\u015f\u0131k iki hafta i\u00e7inde tamamen yeniler.<\/li><li data-section-id=\"66ihrb\" data-start=\"1037\" data-end=\"1139\"><strong data-start=\"1039\" data-end=\"1053\">Konaklama:<\/strong> K\u0131sa s\u00fcreli bir hastane yat\u0131\u015f\u0131 (yakla\u015f\u0131k 3 g\u00fcn) ile s\u00fcre\u00e7 g\u00fcvenli \u015fekilde tamamlan\u0131r.<\/li><\/ul>\t\t\t\t\t\t\t\t<\/div>\n\t\t\t\t<\/div>\n\t\t\t\t<\/div>\n\t\t\t\t<\/div>\n\t\t\t\t\t<\/div>\n\t\t\t\t<\/div>\n\t\t<div class=\"elementor-element elementor-element-81b1056 e-flex e-con-boxed sc_layouts_column_icons_position_left e-con e-parent\" data-id=\"81b1056\" data-element_type=\"container\" data-e-type=\"container\">\n\t\t\t\t\t<div class=\"e-con-inner\">\n\t\t\t\t<div data-animation-type=\"block\" class=\"elementor-element elementor-element-183da45 elementor-widget__width-initial animation_type_block sc_fly_static elementor-invisible elementor-widget elementor-widget-heading\" data-id=\"183da45\" data-element_type=\"widget\" data-e-type=\"widget\" data-settings=\"{&quot;_animation&quot;:&quot;ta_fadeinup&quot;,&quot;_animation_delay&quot;:100}\" data-widget_type=\"heading.default\">\n\t\t\t\t\t<h1 class=\"elementor-heading-title elementor-size-default\">Kimler ba\u011f\u0131\u015f\u00e7\u0131 olabilir?<\/h1>\t\t\t\t<\/div>\n\t\t\t\t<div data-animation-type=\"block\" class=\"elementor-element elementor-element-a894259 animation_type_block sc_fly_static elementor-invisible elementor-widget elementor-widget-text-editor\" data-id=\"a894259\" data-element_type=\"widget\" data-e-type=\"widget\" data-settings=\"{&quot;_animation&quot;:&quot;ta_fadeinup&quot;,&quot;_animation_delay&quot;:100}\" data-widget_type=\"text-editor.default\">\n\t\t\t\t\t\t\t\t\t<p data-path-to-node=\"16\">Genel olarak 18\u201355 ya\u015f aras\u0131nda, sa\u011fl\u0131kl\u0131 bireyler k\u00f6k h\u00fccre ba\u011f\u0131\u015f\u00e7\u0131s\u0131 olabilir. Birka\u00e7 dakikan\u0131z\u0131 ay\u0131r\u0131n \u2013 sizin doku tipiniz belki de \u015fu anda acil olarak bekleniyor olabilir!<\/p>\t\t\t\t\t\t\t\t<\/div>\n\t\t\t\t\t<\/div>\n\t\t\t\t<\/div>\n\t\t<div class=\"elementor-element elementor-element-79d9857 e-flex e-con-boxed sc_layouts_column_icons_position_left e-con e-parent\" data-id=\"79d9857\" data-element_type=\"container\" data-e-type=\"container\" data-settings=\"{&quot;background_background&quot;:&quot;classic&quot;}\">\n\t\t\t\t\t<div class=\"e-con-inner\">\n\t\t\t\t<div data-animation-type=\"block\" class=\"elementor-element elementor-element-5abf358 elementor-widget__width-initial animation_type_block sc_fly_static elementor-invisible elementor-widget elementor-widget-heading\" data-id=\"5abf358\" data-element_type=\"widget\" data-e-type=\"widget\" data-settings=\"{&quot;_animation&quot;:&quot;ta_fadeinup&quot;,&quot;_animation_delay&quot;:100}\" data-widget_type=\"heading.default\">\n\t\t\t\t\t<h1 class=\"elementor-heading-title elementor-size-default\">Maddi ba\u011f\u0131\u015flar neden hayat kurtar\u0131r?<\/h1>\t\t\t\t<\/div>\n\t\t\t\t<div data-animation-type=\"block\" class=\"elementor-element elementor-element-b0e85f7 animation_type_block sc_fly_static elementor-invisible elementor-widget elementor-widget-heading\" data-id=\"b0e85f7\" data-element_type=\"widget\" data-e-type=\"widget\" data-settings=\"{&quot;_animation&quot;:&quot;ta_fadeinup&quot;}\" data-widget_type=\"heading.default\">\n\t\t\t\t\t<h6 class=\"elementor-heading-title elementor-size-default\">Yard\u0131m eliyle umut ye\u015fertmek<\/h6>\t\t\t\t<\/div>\n\t\t<div class=\"elementor-element elementor-element-f6e367c e-con-full e-flex sc_layouts_column_icons_position_left e-con e-child\" data-id=\"f6e367c\" data-element_type=\"container\" data-e-type=\"container\">\n\t\t\t\t<div data-animation-type=\"block\" class=\"elementor-element elementor-element-f252b3c animation_type_block sc_fly_static elementor-invisible elementor-widget elementor-widget-text-editor\" data-id=\"f252b3c\" data-element_type=\"widget\" data-e-type=\"widget\" data-settings=\"{&quot;_animation&quot;:&quot;ta_fadeinup&quot;,&quot;_animation_delay&quot;:100}\" data-widget_type=\"text-editor.default\">\n\t\t\t\t\t\t\t\t\t<p data-path-to-node=\"19\">\u0130lk doku tiplemesi maliyetinin (yakla\u015f\u0131k 40 Euro) sa\u011fl\u0131k sigortalar\u0131 taraf\u0131ndan kar\u015f\u0131lanmad\u0131\u011f\u0131n\u0131 biliyor muydunuz? Bu nedenle her ba\u011f\u0131\u015f b\u00fcy\u00fck \u00f6nem ta\u015f\u0131r:<\/p><p data-path-to-node=\"20,0,0\"><strong data-start=\"1635\" data-end=\"1662\">Maliyetleri kar\u015f\u0131lamak:<\/strong> Ba\u011f\u0131\u015flar\u0131n\u0131z, yeni ba\u011f\u0131\u015f\u00e7\u0131lar\u0131n kay\u0131t s\u00fcrecini finanse eder.<\/p><p data-path-to-node=\"20,1,0\"><strong data-start=\"1728\" data-end=\"1757\">Dayan\u0131\u015fmay\u0131 g\u00fc\u00e7lendirmek:<\/strong> Umut Yolu Derne\u011fi\u2019ne \u00fcye olarak destek olabilirsiniz.<\/p><p data-start=\"1813\" data-end=\"1845\"><strong data-start=\"1813\" data-end=\"1843\">Doku tipleme ba\u011f\u0131\u015f hesab\u0131:<\/strong><\/p><p data-path-to-node=\"22,0,0\"><strong>IBAN<\/strong>: DE82 3655 0000 0050 0122 69<br data-start=\"1880\" data-end=\"1883\" \/><strong>A\u00e7\u0131klama<\/strong>: \u201cTipleme\u201d<\/p>\t\t\t\t\t\t\t\t<\/div>\n\t\t\t\t<\/div>\n\t\t\t\t\t<\/div>\n\t\t\t\t<\/div>\n\t\t<div class=\"elementor-element elementor-element-706e1ab e-flex e-con-boxed sc_layouts_column_icons_position_left e-con e-parent\" data-id=\"706e1ab\" data-element_type=\"container\" data-e-type=\"container\">\n\t\t\t\t\t<div class=\"e-con-inner\">\n\t\t\t\t<div data-animation-type=\"block\" class=\"elementor-element elementor-element-620c464 elementor-widget__width-initial animation_type_block sc_fly_static elementor-invisible elementor-widget elementor-widget-heading\" data-id=\"620c464\" data-element_type=\"widget\" data-e-type=\"widget\" data-settings=\"{&quot;_animation&quot;:&quot;ta_fadeinup&quot;,&quot;_animation_delay&quot;:100}\" data-widget_type=\"heading.default\">\n\t\t\t\t\t<h1 class=\"elementor-heading-title elementor-size-default\">Detayl\u0131 Bilgiler &amp; Harici Kaynaklar<\/h1>\t\t\t\t<\/div>\n\t\t<div class=\"elementor-element elementor-element-4afb888 e-con-full e-flex sc_layouts_column_icons_position_left e-con e-child\" data-id=\"4afb888\" data-element_type=\"container\" data-e-type=\"container\">\n\t\t\t\t<div data-animation-type=\"block\" class=\"elementor-element elementor-element-86937bc animation_type_block sc_fly_static elementor-invisible elementor-widget elementor-widget-text-editor\" data-id=\"86937bc\" data-element_type=\"widget\" data-e-type=\"widget\" data-settings=\"{&quot;_animation&quot;:&quot;ta_fadeinup&quot;,&quot;_animation_delay&quot;:100}\" data-widget_type=\"text-editor.default\">\n\t\t\t\t\t\t\t\t\t<p data-start=\"1967\" data-end=\"2223\"><strong>Kanser, k\u00f6k h\u00fccre ve kemik ili\u011fi ba\u011f\u0131\u015f\u0131 hakk\u0131nda daha kapsaml\u0131 bilgi almak ister misiniz?<\/strong> Sizin i\u00e7in g\u00fcvenilir kay\u0131t merkezleri ve kurulu\u015flardan olu\u015fan bir liste haz\u0131rlad\u0131k. Bu kaynaklarda deneyim payla\u015f\u0131mlar\u0131, tedavi y\u00f6ntemleri ve \u00f6neriler bulabilirsiniz:<\/p><p data-path-to-node=\"6,0,0\"><b data-path-to-node=\"6,0,0\" data-index-in-node=\"0\"><a class=\"ng-star-inserted\" href=\"https:\/\/www.zkrd.de\" target=\"_blank\" rel=\"noopener\" data-hveid=\"0\" data-ved=\"0CAAQ_4QMahgKEwiCuZL7v4CTAxUAAAAAHQAAAAAQuAU\">ZKRD<\/a><\/b> \u2013 Almanya Ulusal Kemik \u0130li\u011fi Don\u00f6r Kay\u0131t Merkezi<\/p><p data-path-to-node=\"6,1,0\"><b data-path-to-node=\"6,1,0\" data-index-in-node=\"0\"><a class=\"ng-star-inserted\" href=\"https:\/\/www.wsze.de\" target=\"_blank\" rel=\"noopener\" data-hveid=\"0\" data-ved=\"0CAAQ_4QMahgKEwiCuZL7v4CTAxUAAAAAHQAAAAAQuQU\">WSZE<\/a><\/b> \u2013 Essen Kemik \u0130li\u011fi Don\u00f6r Merkezi<\/p><p data-path-to-node=\"6,2,0\"><b data-path-to-node=\"6,2,0\" data-index-in-node=\"0\"><a class=\"ng-star-inserted\" href=\"https:\/\/www.knochenmarkspender-zentrale.de\" target=\"_blank\" rel=\"noopener\" data-hveid=\"0\" data-ved=\"0CAAQ_4QMahgKEwiCuZL7v4CTAxUAAAAAHQAAAAAQugU\">KMSZ<\/a><\/b> \u2013 D\u00fcsseldorf Kemik \u0130li\u011fi Don\u00f6r Merkezi<\/p>\t\t\t\t\t\t\t\t<\/div>\n\t\t\t\t<\/div>\n\t\t\t\t\t<\/div>\n\t\t\t\t<\/div>\n\t\t<div class=\"elementor-element elementor-element-a516ee8 e-flex e-con-boxed sc_layouts_column_icons_position_left e-con e-child\" data-id=\"a516ee8\" data-element_type=\"container\" data-e-type=\"container\" data-settings=\"{&quot;background_background&quot;:&quot;classic&quot;}\">\n\t\t\t\t\t<div class=\"e-con-inner\">\n\t\t\t\t<div data-animation-type=\"block\" class=\"elementor-element elementor-element-1c1e2d4 animation_type_block sc_fly_static elementor-invisible elementor-widget elementor-widget-heading\" data-id=\"1c1e2d4\" data-element_type=\"widget\" data-e-type=\"widget\" data-settings=\"{&quot;_animation&quot;:&quot;ta_fadein&quot;}\" data-widget_type=\"heading.default\">\n\t\t\t\t\t<h3 class=\"elementor-heading-title elementor-size-default\">Her yuvaya umut ta\u015f\u0131mak i\u00e7in el ele verelim<\/h3>\t\t\t\t<\/div>\n\t\t\t\t\t<\/div>\n\t\t\t\t<\/div>\n\t\t\t\t<\/div>\n\t\t","protected":false},"excerpt":{"rendered":"<p>K\u00f6k H\u00fccre Ba\u011f\u0131\u015f\u0131: Bir Hayat Kurtar\u0131n Hayat kurtarmaya haz\u0131r m\u0131s\u0131n\u0131z? Yaln\u0131zca Almanya\u2019da her&hellip;<\/p>\n","protected":false},"author":8,"featured_media":0,"parent":0,"menu_order":0,"comment_status":"closed","ping_status":"closed","template":"","meta":{"footnotes":""},"class_list":["post-11753","page","type-page","status-publish","hentry"],"jetpack_sharing_enabled":true,"_links":{"self":[{"href":"https:\/\/umutyolu.org\/yeniumut\/wp-json\/wp\/v2\/pages\/11753","targetHints":{"allow":["GET"]}}],"collection":[{"href":"https:\/\/umutyolu.org\/yeniumut\/wp-json\/wp\/v2\/pages"}],"about":[{"href":"https:\/\/umutyolu.org\/yeniumut\/wp-json\/wp\/v2\/types\/page"}],"author":[{"embeddable":true,"href":"https:\/\/umutyolu.org\/yeniumut\/wp-json\/wp\/v2\/users\/8"}],"replies":[{"embeddable":true,"href":"https:\/\/umutyolu.org\/yeniumut\/wp-json\/wp\/v2\/comments?post=11753"}],"version-history":[{"count":17,"href":"https:\/\/umutyolu.org\/yeniumut\/wp-json\/wp\/v2\/pages\/11753\/revisions"}],"predecessor-version":[{"id":13509,"href":"https:\/\/umutyolu.org\/yeniumut\/wp-json\/wp\/v2\/pages\/11753\/revisions\/13509"}],"wp:attachment":[{"href":"https:\/\/umutyolu.org\/yeniumut\/wp-json\/wp\/v2\/media?parent=11753"}],"curies":[{"name":"wp","href":"https:\/\/api.w.org\/{rel}","templated":true}]}}