{"id":11768,"date":"2026-03-02T14:43:46","date_gmt":"2026-03-02T13:43:46","guid":{"rendered":"https:\/\/wegderhoffnung.org\/?page_id=11768"},"modified":"2026-04-18T16:48:31","modified_gmt":"2026-04-18T14:48:31","slug":"brosurler","status":"publish","type":"page","link":"https:\/\/umutyolu.org\/yeniumut\/brosurler","title":{"rendered":"Bro\u015f\u00fcrler"},"content":{"rendered":"\t\t<div data-elementor-type=\"wp-page\" data-elementor-id=\"11768\" class=\"elementor elementor-11768\">\n\t\t\t\t<div class=\"elementor-element elementor-element-1988437d e-flex e-con-boxed sc_layouts_column_icons_position_left e-con e-parent\" data-id=\"1988437d\" data-element_type=\"container\" data-e-type=\"container\">\n\t\t\t\t\t<div class=\"e-con-inner\">\n\t\t\t\t<div data-animation-type=\"block\" class=\"elementor-element elementor-element-7abd0c4b animation_type_block sc_fly_static elementor-invisible elementor-widget elementor-widget-heading\" data-id=\"7abd0c4b\" data-element_type=\"widget\" data-e-type=\"widget\" data-settings=\"{&quot;_animation&quot;:&quot;ta_fadeinup&quot;,&quot;_animation_delay&quot;:100}\" data-widget_type=\"heading.default\">\n\t\t\t\t\t<h1 class=\"elementor-heading-title elementor-size-default\">Bro\u015f\u00fcrler ve Bilgilendirme Materyalleri<\/h1>\t\t\t\t<\/div>\n\t\t\t\t<div data-animation-type=\"block\" class=\"elementor-element elementor-element-244edcd3 animation_type_block sc_fly_static elementor-invisible elementor-widget elementor-widget-text-editor\" data-id=\"244edcd3\" data-element_type=\"widget\" data-e-type=\"widget\" data-settings=\"{&quot;_animation&quot;:&quot;ta_fadeinup&quot;,&quot;_animation_delay&quot;:100}\" data-widget_type=\"text-editor.default\">\n\t\t\t\t\t\t\t\t\t<p data-start=\"98\" data-end=\"276\">Burada g\u00fcncel bilgilendirme bro\u015f\u00fcrlerimizi, konsept dok\u00fcmanlar\u0131m\u0131z\u0131 ve bas\u0131n i\u00e7eriklerimizi indirebilirsiniz. \u00c7al\u0131\u015fmalar\u0131m\u0131z ve misyonumuz hakk\u0131nda detayl\u0131 bilgi edinebilirsiniz.<\/p>\t\t\t\t\t\t\t\t<\/div>\n\t\t\t\t\t<\/div>\n\t\t\t\t<\/div>\n\t\t<div class=\"elementor-element elementor-element-7c6eaaa8 e-flex e-con-boxed sc_layouts_column_icons_position_left e-con e-parent\" data-id=\"7c6eaaa8\" data-element_type=\"container\" data-e-type=\"container\" data-settings=\"{&quot;background_background&quot;:&quot;classic&quot;}\">\n\t\t\t\t\t<div class=\"e-con-inner\">\n\t\t<div class=\"elementor-element elementor-element-95de537 e-con-full e-flex sc_layouts_column_icons_position_left e-con e-child\" data-id=\"95de537\" data-element_type=\"container\" data-e-type=\"container\">\n\t\t\t\t<div data-animation-type=\"block\" class=\"elementor-element elementor-element-467bd580 animation_type_block sc_fly_static elementor-invisible elementor-widget elementor-widget-heading\" data-id=\"467bd580\" data-element_type=\"widget\" data-e-type=\"widget\" data-settings=\"{&quot;_animation&quot;:&quot;ta_fadeinup&quot;}\" data-widget_type=\"heading.default\">\n\t\t\t\t\t<h6 class=\"elementor-heading-title elementor-size-default\">1. Dernek Dok\u00fcmanlar\u0131<\/h6>\t\t\t\t<\/div>\n\t\t<div class=\"elementor-element elementor-element-86ad04a e-con-full e-flex sc_layouts_column_icons_position_left e-con e-child\" data-id=\"86ad04a\" data-element_type=\"container\" data-e-type=\"container\">\n\t\t\t\t<div data-animation-type=\"block\" class=\"elementor-element elementor-element-755efdc2 animation_type_block sc_fly_static elementor-invisible elementor-widget elementor-widget-text-editor\" data-id=\"755efdc2\" data-element_type=\"widget\" data-e-type=\"widget\" data-settings=\"{&quot;_animation&quot;:&quot;ta_fadeinup&quot;,&quot;_animation_delay&quot;:100}\" data-widget_type=\"text-editor.default\">\n\t\t\t\t\t\t\t\t\t<p data-path-to-node=\"9,0,0\"><strong>WdH Dernek Bro\u015f\u00fcr\u00fc (2020)<\/strong><\/p><p data-start=\"314\" data-end=\"414\">Ama\u00e7lar\u0131m\u0131z ve projelerimiz hakk\u0131nda kapsaml\u0131 bir genel bak\u0131\u015f sunar.<\/p>\t\t\t\t\t\t\t\t<\/div>\n\t\t\t\t<div class=\"elementor-element elementor-element-b1960b1 sc_fly_static elementor-widget elementor-widget-button\" data-id=\"b1960b1\" data-element_type=\"widget\" data-e-type=\"widget\" data-widget_type=\"button.default\">\n\t\t\t\t\t\t\t\t\t\t<a class=\"elementor-button elementor-button-link elementor-size-sm\" href=\"https:\/\/umutyolu.org\/yeniumut\/wp-content\/uploads\/2004\/05\/WdH_2020_Vereinsbroschuere_mini.pdf\" target=\"_blank\">\n\t\t\t\t\t\t<span class=\"elementor-button-content-wrapper\">\n\t\t\t\t\t\t\t\t\t<span class=\"elementor-button-text\">PDF indir<\/span>\n\t\t\t\t\t<\/span>\n\t\t\t\t\t<\/a>\n\t\t\t\t\t\t\t\t<\/div>\n\t\t\t\t<\/div>\n\t\t<div class=\"elementor-element elementor-element-0842ca1 e-con-full e-flex sc_layouts_column_icons_position_left e-con e-child\" data-id=\"0842ca1\" data-element_type=\"container\" data-e-type=\"container\">\n\t\t\t\t<div data-animation-type=\"block\" class=\"elementor-element elementor-element-04f6a16 animation_type_block sc_fly_static elementor-invisible elementor-widget elementor-widget-text-editor\" data-id=\"04f6a16\" data-element_type=\"widget\" data-e-type=\"widget\" data-settings=\"{&quot;_animation&quot;:&quot;ta_fadeinup&quot;,&quot;_animation_delay&quot;:100}\" data-widget_type=\"text-editor.default\">\n\t\t\t\t\t\t\t\t\t<p data-path-to-node=\"9,1,0\"><strong data-start=\"416\" data-end=\"447\">WdH Konsept Dok\u00fcman\u0131 (2020)<\/strong><\/p><p data-start=\"416\" data-end=\"501\">Derne\u011fimizin vizyonunu ve stratejik y\u00f6n\u00fcn\u00fc a\u00e7\u0131klar.<\/p>\t\t\t\t\t\t\t\t<\/div>\n\t\t\t\t<div class=\"elementor-element elementor-element-2858979 sc_fly_static elementor-widget elementor-widget-button\" data-id=\"2858979\" data-element_type=\"widget\" data-e-type=\"widget\" data-widget_type=\"button.default\">\n\t\t\t\t\t\t\t\t\t\t<a class=\"elementor-button elementor-button-link elementor-size-sm\" href=\"https:\/\/umutyolu.org\/yeniumut\/wp-content\/uploads\/2021\/01\/WdH_2020_Konzept_mini.pdf\" target=\"_blank\">\n\t\t\t\t\t\t<span class=\"elementor-button-content-wrapper\">\n\t\t\t\t\t\t\t\t\t<span class=\"elementor-button-text\">PDF indir<\/span>\n\t\t\t\t\t<\/span>\n\t\t\t\t\t<\/a>\n\t\t\t\t\t\t\t\t<\/div>\n\t\t\t\t<\/div>\n\t\t\t\t<\/div>\n\t\t\t\t\t<\/div>\n\t\t\t\t<\/div>\n\t\t<div class=\"elementor-element elementor-element-706e1ab e-flex e-con-boxed sc_layouts_column_icons_position_left e-con e-parent\" data-id=\"706e1ab\" data-element_type=\"container\" data-e-type=\"container\">\n\t\t\t\t\t<div class=\"e-con-inner\">\n\t\t<div class=\"elementor-element elementor-element-9d69b9d e-con-full e-flex sc_layouts_column_icons_position_left e-con e-child\" data-id=\"9d69b9d\" data-element_type=\"container\" data-e-type=\"container\">\n\t\t\t\t<div data-animation-type=\"block\" class=\"elementor-element elementor-element-6f424fd animation_type_block sc_fly_static elementor-invisible elementor-widget elementor-widget-heading\" data-id=\"6f424fd\" data-element_type=\"widget\" data-e-type=\"widget\" data-settings=\"{&quot;_animation&quot;:&quot;ta_fadeinup&quot;}\" data-widget_type=\"heading.default\">\n\t\t\t\t\t<h6 class=\"elementor-heading-title elementor-size-default\">2. Teknik Bilgilendirme<\/h6>\t\t\t\t<\/div>\n\t\t<div class=\"elementor-element elementor-element-4aeb550 e-con-full e-flex sc_layouts_column_icons_position_left e-con e-child\" data-id=\"4aeb550\" data-element_type=\"container\" data-e-type=\"container\">\n\t\t\t\t<div data-animation-type=\"block\" class=\"elementor-element elementor-element-6c72cf2 animation_type_block sc_fly_static elementor-invisible elementor-widget elementor-widget-text-editor\" data-id=\"6c72cf2\" data-element_type=\"widget\" data-e-type=\"widget\" data-settings=\"{&quot;_animation&quot;:&quot;ta_fadeinup&quot;,&quot;_animation_delay&quot;:100}\" data-widget_type=\"text-editor.default\">\n\t\t\t\t\t\t\t\t\t<p data-path-to-node=\"9,0,0\"><strong data-start=\"541\" data-end=\"576\">WdH Doku Tipleme Bro\u015f\u00fcr\u00fc (2020)<\/strong><\/p><p data-path-to-node=\"9,0,0\">K\u00f6k h\u00fccre ba\u011f\u0131\u015f\u0131 s\u00fcreci hakk\u0131nda \u00f6nemli bilgiler i\u00e7erir.<\/p>\t\t\t\t\t\t\t\t<\/div>\n\t\t\t\t<div class=\"elementor-element elementor-element-3385819 sc_fly_static elementor-widget elementor-widget-button\" data-id=\"3385819\" data-element_type=\"widget\" data-e-type=\"widget\" data-widget_type=\"button.default\">\n\t\t\t\t\t\t\t\t\t\t<a class=\"elementor-button elementor-button-link elementor-size-sm\" href=\"https:\/\/umutyolu.org\/yeniumut\/wp-content\/uploads\/2004\/05\/WdH_2020_Typisierungsbroschuere.pdf\" target=\"_blank\">\n\t\t\t\t\t\t<span class=\"elementor-button-content-wrapper\">\n\t\t\t\t\t\t\t\t\t<span class=\"elementor-button-text\">PDF indir<\/span>\n\t\t\t\t\t<\/span>\n\t\t\t\t\t<\/a>\n\t\t\t\t\t\t\t\t<\/div>\n\t\t\t\t<\/div>\n\t\t\t\t<\/div>\n\t\t\t\t\t<\/div>\n\t\t\t\t<\/div>\n\t\t<div class=\"elementor-element elementor-element-79d9857 e-flex e-con-boxed sc_layouts_column_icons_position_left e-con e-parent\" data-id=\"79d9857\" data-element_type=\"container\" data-e-type=\"container\" data-settings=\"{&quot;background_background&quot;:&quot;classic&quot;}\">\n\t\t\t\t\t<div class=\"e-con-inner\">\n\t\t<div class=\"elementor-element elementor-element-845a83b e-con-full e-flex sc_layouts_column_icons_position_left e-con e-child\" data-id=\"845a83b\" data-element_type=\"container\" data-e-type=\"container\">\n\t\t\t\t<div data-animation-type=\"block\" class=\"elementor-element elementor-element-a9cbe6b animation_type_block sc_fly_static elementor-invisible elementor-widget elementor-widget-heading\" data-id=\"a9cbe6b\" data-element_type=\"widget\" data-e-type=\"widget\" data-settings=\"{&quot;_animation&quot;:&quot;ta_fadeinup&quot;}\" data-widget_type=\"heading.default\">\n\t\t\t\t\t<h6 class=\"elementor-heading-title elementor-size-default\">3. Bas\u0131n ve Raporlar<\/h6>\t\t\t\t<\/div>\n\t\t<div class=\"elementor-element elementor-element-a5c54f6 e-con-full e-flex sc_layouts_column_icons_position_left e-con e-child\" data-id=\"a5c54f6\" data-element_type=\"container\" data-e-type=\"container\">\n\t\t\t\t<div data-animation-type=\"block\" class=\"elementor-element elementor-element-b39add7 animation_type_block sc_fly_static elementor-invisible elementor-widget elementor-widget-text-editor\" data-id=\"b39add7\" data-element_type=\"widget\" data-e-type=\"widget\" data-settings=\"{&quot;_animation&quot;:&quot;ta_fadeinup&quot;,&quot;_animation_delay&quot;:100}\" data-widget_type=\"text-editor.default\">\n\t\t\t\t\t\t\t\t\t<p data-path-to-node=\"9,0,0\"><strong data-start=\"672\" data-end=\"713\">\u00d6zel Say\u0131: Ya\u015fam \u0130\u00e7in M\u00fccadele (2016)<\/strong><\/p><p data-path-to-node=\"9,0,0\">Kanserle m\u00fccadele eden \u00e7ocuklar ve dayan\u0131\u015fman\u0131n \u00f6nemi \u00fczerine haz\u0131rlanm\u0131\u015f kapsaml\u0131 bir rapor.<\/p>\t\t\t\t\t\t\t\t<\/div>\n\t\t\t\t<div class=\"elementor-element elementor-element-29d0eab sc_fly_static elementor-widget elementor-widget-button\" data-id=\"29d0eab\" data-element_type=\"widget\" data-e-type=\"widget\" data-widget_type=\"button.default\">\n\t\t\t\t\t\t\t\t\t\t<a class=\"elementor-button elementor-button-link elementor-size-sm\" href=\"https:\/\/umutyolu.org\/yeniumut\/wp-content\/uploads\/2021\/04\/GG-Spezial_Dezemberausgabe_2016.pdf\" target=\"_blank\">\n\t\t\t\t\t\t<span class=\"elementor-button-content-wrapper\">\n\t\t\t\t\t\t\t\t\t<span class=\"elementor-button-text\">PDF indir<\/span>\n\t\t\t\t\t<\/span>\n\t\t\t\t\t<\/a>\n\t\t\t\t\t\t\t\t<\/div>\n\t\t\t\t<\/div>\n\t\t<div class=\"elementor-element elementor-element-129827c e-con-full e-flex sc_layouts_column_icons_position_left e-con e-child\" data-id=\"129827c\" data-element_type=\"container\" data-e-type=\"container\">\n\t\t\t\t<div data-animation-type=\"block\" class=\"elementor-element elementor-element-f513258 animation_type_block sc_fly_static elementor-invisible elementor-widget elementor-widget-text-editor\" data-id=\"f513258\" data-element_type=\"widget\" data-e-type=\"widget\" data-settings=\"{&quot;_animation&quot;:&quot;ta_fadeinup&quot;,&quot;_animation_delay&quot;:100}\" data-widget_type=\"text-editor.default\">\n\t\t\t\t\t\t\t\t\t<p data-start=\"811\" data-end=\"914\"><strong data-start=\"811\" data-end=\"831\">Dayan\u0131\u015fma ve G\u00f6\u00e7<\/strong><\/p><p data-start=\"811\" data-end=\"914\">G\u00f6\u00e7men k\u00f6kenli ailelere y\u00f6nelik destek \u00e7al\u0131\u015fmalar\u0131n\u0131 ele alan \u00f6nemli bir i\u00e7erik.<\/p>\t\t\t\t\t\t\t\t<\/div>\n\t\t\t\t<div class=\"elementor-element elementor-element-c0f7fe3 sc_fly_static elementor-widget elementor-widget-button\" data-id=\"c0f7fe3\" data-element_type=\"widget\" data-e-type=\"widget\" data-widget_type=\"button.default\">\n\t\t\t\t\t\t\t\t\t\t<a class=\"elementor-button elementor-button-link elementor-size-sm\" href=\"https:\/\/acrobat.adobe.com\/id\/urn:aaid:sc:AP:c74d9620-6434-4f0b-a88e-cb3fea974d14?viewer%21megaVerb=group-discover\" target=\"_blank\">\n\t\t\t\t\t\t<span class=\"elementor-button-content-wrapper\">\n\t\t\t\t\t\t\t\t\t<span class=\"elementor-button-text\">PDF indir<\/span>\n\t\t\t\t\t<\/span>\n\t\t\t\t\t<\/a>\n\t\t\t\t\t\t\t\t<\/div>\n\t\t\t\t<\/div>\n\t\t\t\t<\/div>\n\t\t\t\t\t<\/div>\n\t\t\t\t<\/div>\n\t\t<div class=\"elementor-element elementor-element-a516ee8 e-flex e-con-boxed sc_layouts_column_icons_position_left e-con e-child\" data-id=\"a516ee8\" data-element_type=\"container\" data-e-type=\"container\" data-settings=\"{&quot;background_background&quot;:&quot;classic&quot;}\">\n\t\t\t\t\t<div class=\"e-con-inner\">\n\t\t\t\t<div data-animation-type=\"block\" class=\"elementor-element elementor-element-1c1e2d4 animation_type_block sc_fly_static elementor-invisible elementor-widget elementor-widget-heading\" data-id=\"1c1e2d4\" data-element_type=\"widget\" data-e-type=\"widget\" data-settings=\"{&quot;_animation&quot;:&quot;ta_fadein&quot;}\" data-widget_type=\"heading.default\">\n\t\t\t\t\t<h3 class=\"elementor-heading-title elementor-size-default\">Her yuvaya umut ta\u015f\u0131mak i\u00e7in el ele verelim<\/h3>\t\t\t\t<\/div>\n\t\t\t\t\t<\/div>\n\t\t\t\t<\/div>\n\t\t\t\t<\/div>\n\t\t","protected":false},"excerpt":{"rendered":"<p>Bro\u015f\u00fcrler ve Bilgilendirme Materyalleri Burada g\u00fcncel bilgilendirme bro\u015f\u00fcrlerimizi, konsept dok\u00fcmanlar\u0131m\u0131z\u0131 ve bas\u0131n i\u00e7eriklerimizi&hellip;<\/p>\n","protected":false},"author":8,"featured_media":0,"parent":0,"menu_order":0,"comment_status":"closed","ping_status":"closed","template":"","meta":{"footnotes":""},"class_list":["post-11768","page","type-page","status-publish","hentry"],"jetpack_sharing_enabled":true,"_links":{"self":[{"href":"https:\/\/umutyolu.org\/yeniumut\/wp-json\/wp\/v2\/pages\/11768","targetHints":{"allow":["GET"]}}],"collection":[{"href":"https:\/\/umutyolu.org\/yeniumut\/wp-json\/wp\/v2\/pages"}],"about":[{"href":"https:\/\/umutyolu.org\/yeniumut\/wp-json\/wp\/v2\/types\/page"}],"author":[{"embeddable":true,"href":"https:\/\/umutyolu.org\/yeniumut\/wp-json\/wp\/v2\/users\/8"}],"replies":[{"embeddable":true,"href":"https:\/\/umutyolu.org\/yeniumut\/wp-json\/wp\/v2\/comments?post=11768"}],"version-history":[{"count":17,"href":"https:\/\/umutyolu.org\/yeniumut\/wp-json\/wp\/v2\/pages\/11768\/revisions"}],"predecessor-version":[{"id":13512,"href":"https:\/\/umutyolu.org\/yeniumut\/wp-json\/wp\/v2\/pages\/11768\/revisions\/13512"}],"wp:attachment":[{"href":"https:\/\/umutyolu.org\/yeniumut\/wp-json\/wp\/v2\/media?parent=11768"}],"curies":[{"name":"wp","href":"https:\/\/api.w.org\/{rel}","templated":true}]}}