{"id":11796,"date":"2026-03-03T08:02:57","date_gmt":"2026-03-03T07:02:57","guid":{"rendered":"https:\/\/wegderhoffnung.org\/?page_id=11796"},"modified":"2026-04-18T15:41:43","modified_gmt":"2026-04-18T13:41:43","slug":"vergi-muafiyet-belgesi","status":"publish","type":"page","link":"https:\/\/umutyolu.org\/yeniumut\/vergi-muafiyet-belgesi","title":{"rendered":"Vergi Muafiyet Belgesi"},"content":{"rendered":"\t\t<div data-elementor-type=\"wp-page\" data-elementor-id=\"11796\" class=\"elementor elementor-11796\">\n\t\t\t\t<div class=\"elementor-element elementor-element-550babd7 e-flex e-con-boxed sc_layouts_column_icons_position_left e-con e-parent\" data-id=\"550babd7\" data-element_type=\"container\" data-e-type=\"container\">\n\t\t\t\t\t<div class=\"e-con-inner\">\n\t\t<div class=\"elementor-element elementor-element-76d81337 e-con-full e-flex sc_layouts_column_icons_position_left e-con e-child\" data-id=\"76d81337\" data-element_type=\"container\" data-e-type=\"container\">\n\t\t\t\t<div data-animation-type=\"block\" class=\"elementor-element elementor-element-7755ab0b elementor-widget__width-initial trx-addons-animate animation_type_block sc_fly_static elementor-invisible elementor-widget elementor-widget-trx_elm_advanced_title\" data-id=\"7755ab0b\" data-element_type=\"widget\" data-e-type=\"widget\" data-settings=\"{&quot;_animation&quot;:&quot;ta_fadeinup&quot;}\" data-widget_type=\"trx_elm_advanced_title.default\">\n\t\t\t\t<div class=\"elementor-widget-container\">\n\t\t\t\t\t<h1 class=\"trx-addons-advanced-title\" style=\"--var-trx-addons-advanced-title-highlight-animation-duration: 2000ms;\">\n<span class=\"trx-addons-advanced-title-item trx-addons-advanced-title-item-text elementor-repeater-item-b39fbad\">Vergi istisna belgesi<\/span><\/h1>\t\t\t\t<\/div>\n\t\t\t\t<\/div>\n\t\t\t\t<div data-animation-type=\"block\" class=\"elementor-element elementor-element-29715a06 elementor-widget__width-inherit animation_type_block sc_fly_static elementor-invisible elementor-widget elementor-widget-text-editor\" data-id=\"29715a06\" data-element_type=\"widget\" data-e-type=\"widget\" data-settings=\"{&quot;_animation&quot;:&quot;ta_fadeinup&quot;,&quot;_animation_delay&quot;:100}\" data-widget_type=\"text-editor.default\">\n\t\t\t\t\t\t\t\t\t<div id=\"content\" class=\"site-content\"><div class=\"ast-container\"><div id=\"primary\" class=\"content-area primary\"><article id=\"post-3367\" class=\"post-3367 page type-page status-publish ast-article-single\"><div class=\"entry-content clear\"><div class=\"elementor elementor-3367\" data-elementor-type=\"wp-page\" data-elementor-id=\"3367\" data-elementor-settings=\"{&quot;ha_cmc_init_switcher&quot;:&quot;no&quot;}\"><div class=\"elementor-element elementor-element-4ac85f3 e-flex e-con-boxed e-con e-parent e-lazyloaded\" data-id=\"4ac85f3\" data-element_type=\"container\" data-e-type=\"container\" data-settings=\"{&quot;_ha_eqh_enable&quot;:false}\"><div class=\"e-con-inner\"><div class=\"elementor-element elementor-element-b5413f3 e-con-full e-flex e-con e-child\" data-id=\"b5413f3\" data-element_type=\"container\" data-e-type=\"container\" data-settings=\"{&quot;_ha_eqh_enable&quot;:false}\"><div class=\"elementor-element elementor-element-9cb4214 elementor-widget elementor-widget-text-editor\" data-id=\"9cb4214\" data-element_type=\"widget\" data-e-type=\"widget\" data-widget_type=\"text-editor.default\"><div class=\"elementor-widget-container\"><p>Taraf\u0131m\u0131za ula\u015fan son vergi muafiyeti belgesine g\u00f6re ya da Oberhausen-Nord Vergi Dairesi\u2019nin 06.12.2019 tarihli, 123\/5728\/0540 vergi numaral\u0131 karar\u0131na istinaden; derne\u011fimiz, Kurumlar Vergisi Kanunu\u2019nun \u00a7 5 Abs. 1 Nr. 9 maddesi uyar\u0131nca kurumlar vergisinden ve Ticaret Vergisi Kanunu\u2019nun \u00a7 3 Nr. 6 maddesi uyar\u0131nca ticaret vergisinden muaft\u0131r. Bu muafiyet, derne\u011fin yaln\u0131zca ve do\u011frudan, Vergi Usul Kanunu\u2019nun (\u00a7\u00a7 51 ve devam\u0131) \u00f6ng\u00f6rd\u00fc\u011f\u00fc \u015fekilde kamu yarar\u0131na ve hay\u0131r ama\u00e7l\u0131 faaliyetler y\u00fcr\u00fctmesinden kaynaklanmaktad\u0131r.<\/p><\/div><\/div><\/div><\/div><\/div><\/div><\/div><\/article><\/div><\/div><\/div>\t\t\t\t\t\t\t\t<\/div>\n\t\t\t\t<\/div>\n\t\t\t\t\t<\/div>\n\t\t\t\t<\/div>\n\t\t<div class=\"elementor-element elementor-element-444f5eb3 e-flex e-con-boxed sc_layouts_column_icons_position_left e-con e-parent\" data-id=\"444f5eb3\" data-element_type=\"container\" data-e-type=\"container\">\n\t\t\t\t\t<div class=\"e-con-inner\">\n\t\t\t\t<div data-animation-type=\"block\" class=\"elementor-element elementor-element-3e606fe9 elementor-widget-divider--view-line animation_type_block sc_fly_static elementor-invisible elementor-widget elementor-widget-divider\" data-id=\"3e606fe9\" data-element_type=\"widget\" data-e-type=\"widget\" data-settings=\"{&quot;_animation&quot;:&quot;ta_fadein&quot;,&quot;_animation_delay&quot;:200}\" data-widget_type=\"divider.default\">\n\t\t\t\t\t\t\t<div class=\"elementor-divider\">\n\t\t\t<span class=\"elementor-divider-separator\">\n\t\t\t\t\t\t<\/span>\n\t\t<\/div>\n\t\t\t\t\t\t<\/div>\n\t\t\t\t\t<\/div>\n\t\t\t\t<\/div>\n\t\t<div class=\"elementor-element elementor-element-ab7ffd6 e-flex e-con-boxed sc_layouts_column_icons_position_left e-con e-parent\" data-id=\"ab7ffd6\" data-element_type=\"container\" data-e-type=\"container\">\n\t\t\t\t\t<div class=\"e-con-inner\">\n\t\t\t\t<div class=\"elementor-element elementor-element-12fc387 sc_fly_static elementor-widget elementor-widget-button\" data-id=\"12fc387\" data-element_type=\"widget\" data-e-type=\"widget\" data-widget_type=\"button.default\">\n\t\t\t\t\t\t\t\t\t\t<a class=\"elementor-button elementor-button-link elementor-size-sm\" href=\"https:\/\/umutyolu.org\/yeniumut\/impressum\/\">\n\t\t\t\t\t\t<span class=\"elementor-button-content-wrapper\">\n\t\t\t\t\t\t\t\t\t<span class=\"elementor-button-text\">Impressum<\/span>\n\t\t\t\t\t<\/span>\n\t\t\t\t\t<\/a>\n\t\t\t\t\t\t\t\t<\/div>\n\t\t\t\t<div class=\"elementor-element elementor-element-5e7b1cc sc_fly_static elementor-widget elementor-widget-button\" data-id=\"5e7b1cc\" data-element_type=\"widget\" data-e-type=\"widget\" data-widget_type=\"button.default\">\n\t\t\t\t\t\t\t\t\t\t<a class=\"elementor-button elementor-button-link elementor-size-sm\" href=\"https:\/\/umutyolu.org\/yeniumut\/yasal-uyari\">\n\t\t\t\t\t\t<span class=\"elementor-button-content-wrapper\">\n\t\t\t\t\t\t\t\t\t<span class=\"elementor-button-text\">Sorumluluk Reddi<\/span>\n\t\t\t\t\t<\/span>\n\t\t\t\t\t<\/a>\n\t\t\t\t\t\t\t\t<\/div>\n\t\t\t\t\t<\/div>\n\t\t\t\t<\/div>\n\t\t\t\t<\/div>\n\t\t","protected":false},"excerpt":{"rendered":"<p>Vergi istisna belgesi Taraf\u0131m\u0131za ula\u015fan son vergi muafiyeti belgesine g\u00f6re ya da Oberhausen-Nord&hellip;<\/p>\n","protected":false},"author":8,"featured_media":0,"parent":0,"menu_order":0,"comment_status":"closed","ping_status":"closed","template":"","meta":{"footnotes":""},"class_list":["post-11796","page","type-page","status-publish","hentry"],"jetpack_sharing_enabled":true,"_links":{"self":[{"href":"https:\/\/umutyolu.org\/yeniumut\/wp-json\/wp\/v2\/pages\/11796","targetHints":{"allow":["GET"]}}],"collection":[{"href":"https:\/\/umutyolu.org\/yeniumut\/wp-json\/wp\/v2\/pages"}],"about":[{"href":"https:\/\/umutyolu.org\/yeniumut\/wp-json\/wp\/v2\/types\/page"}],"author":[{"embeddable":true,"href":"https:\/\/umutyolu.org\/yeniumut\/wp-json\/wp\/v2\/users\/8"}],"replies":[{"embeddable":true,"href":"https:\/\/umutyolu.org\/yeniumut\/wp-json\/wp\/v2\/comments?post=11796"}],"version-history":[{"count":17,"href":"https:\/\/umutyolu.org\/yeniumut\/wp-json\/wp\/v2\/pages\/11796\/revisions"}],"predecessor-version":[{"id":13461,"href":"https:\/\/umutyolu.org\/yeniumut\/wp-json\/wp\/v2\/pages\/11796\/revisions\/13461"}],"wp:attachment":[{"href":"https:\/\/umutyolu.org\/yeniumut\/wp-json\/wp\/v2\/media?parent=11796"}],"curies":[{"name":"wp","href":"https:\/\/api.w.org\/{rel}","templated":true}]}}