{"id":560,"date":"2025-12-09T19:39:37","date_gmt":"2025-12-09T19:39:37","guid":{"rendered":"https:\/\/wegderhoffnung.org\/?page_id=560"},"modified":"2026-04-21T09:45:31","modified_gmt":"2026-04-21T07:45:31","slug":"impressum","status":"publish","type":"page","link":"https:\/\/umutyolu.org\/yeniumut\/impressum","title":{"rendered":"Impressum"},"content":{"rendered":"\t\t<div data-elementor-type=\"wp-page\" data-elementor-id=\"560\" class=\"elementor elementor-560\">\n\t\t\t\t<div class=\"elementor-element elementor-element-d06fc46 e-flex e-con-boxed sc_layouts_column_icons_position_left e-con e-parent\" data-id=\"d06fc46\" data-element_type=\"container\" data-e-type=\"container\">\n\t\t\t\t\t<div class=\"e-con-inner\">\n\t\t\t\t<div class=\"elementor-element elementor-element-80504cd sc_fly_static elementor-widget elementor-widget-elementskit-heading\" data-id=\"80504cd\" data-element_type=\"widget\" data-e-type=\"widget\" data-widget_type=\"elementskit-heading.default\">\n\t\t\t\t\t<div class=\"ekit-wid-con\" ><div class=\"ekit-heading elementskit-section-title-wraper text_center   ekit_heading_tablet-   ekit_heading_mobile-\"><h1 class=\"ekit-heading--title elementskit-section-title \">Yasal Bilgiler<\/h1><\/div><\/div>\t\t\t\t<\/div>\n\t\t<div class=\"elementor-element elementor-element-38d1880 e-flex e-con-boxed sc_layouts_column_icons_position_left e-con e-child\" data-id=\"38d1880\" data-element_type=\"container\" data-e-type=\"container\">\n\t\t\t\t\t<div class=\"e-con-inner\">\n\t\t<div class=\"elementor-element elementor-element-1a401d9 e-con-full e-flex sc_layouts_column_icons_position_left e-con e-child\" data-id=\"1a401d9\" data-element_type=\"container\" data-e-type=\"container\">\n\t\t\t\t<div class=\"elementor-element elementor-element-aa4eff5 sc_fly_static elementor-widget elementor-widget-image\" data-id=\"aa4eff5\" data-element_type=\"widget\" data-e-type=\"widget\" data-widget_type=\"image.default\">\n\t\t\t\t\t\t\t\t\t\t\t\t\t\t\t<img fetchpriority=\"high\" decoding=\"async\" width=\"1080\" height=\"1080\" src=\"https:\/\/umutyolu.org\/yeniumut\/wp-content\/uploads\/2026\/02\/Dunya_Cocuk_Gunu_DE_01.10.2025-kopya-e1771940073982.jpg\" class=\"attachment-large size-large wp-image-11110\" alt=\"\" srcset=\"https:\/\/umutyolu.org\/yeniumut\/wp-content\/uploads\/2026\/02\/Dunya_Cocuk_Gunu_DE_01.10.2025-kopya-e1771940073982.jpg 1080w, https:\/\/umutyolu.org\/yeniumut\/wp-content\/uploads\/2026\/02\/Dunya_Cocuk_Gunu_DE_01.10.2025-kopya-e1771940073982-768x768.jpg 768w, https:\/\/umutyolu.org\/yeniumut\/wp-content\/uploads\/2026\/02\/Dunya_Cocuk_Gunu_DE_01.10.2025-kopya-e1771940073982-370x370.jpg 370w, https:\/\/umutyolu.org\/yeniumut\/wp-content\/uploads\/2026\/02\/Dunya_Cocuk_Gunu_DE_01.10.2025-kopya-e1771940073982-90x90.jpg 90w, https:\/\/umutyolu.org\/yeniumut\/wp-content\/uploads\/2026\/02\/Dunya_Cocuk_Gunu_DE_01.10.2025-kopya-e1771940073982-924x924.jpg 924w, https:\/\/umutyolu.org\/yeniumut\/wp-content\/uploads\/2026\/02\/Dunya_Cocuk_Gunu_DE_01.10.2025-kopya-e1771940073982-410x410.jpg 410w\" sizes=\"(max-width: 1080px) 100vw, 1080px\" \/>\t\t\t\t\t\t\t\t\t\t\t\t\t\t\t<\/div>\n\t\t\t\t<\/div>\n\t\t<div class=\"e-con-gap-no elementor-element elementor-element-005ad68 e-con-full e-flex sc_layouts_column_icons_position_left e-con e-child\" data-id=\"005ad68\" data-element_type=\"container\" data-e-type=\"container\">\n\t\t<div class=\"elementor-element elementor-element-42a31c8 e-con-full e-flex sc_layouts_column_icons_position_left e-con e-child\" data-id=\"42a31c8\" data-element_type=\"container\" data-e-type=\"container\">\n\t\t\t\t<div data-animation-type=\"block\" class=\"elementor-element elementor-element-25e4f16 animation_type_block sc_fly_static elementor-invisible elementor-widget elementor-widget-heading\" data-id=\"25e4f16\" data-element_type=\"widget\" data-e-type=\"widget\" data-settings=\"{&quot;_animation&quot;:&quot;ta_fadeinup&quot;}\" data-widget_type=\"heading.default\">\n\t\t\t\t\t<h6 class=\"elementor-heading-title elementor-size-default\">\u00a7 Almanya\u2019n\u0131n TMG Kanunu 5. Madde\u2019sine g\u00f6re verilmesi gereken bilgilerimiz.\n<\/h6>\t\t\t\t<\/div>\n\t\t\t\t<div data-animation-type=\"block\" class=\"elementor-element elementor-element-ced61d2 animation_type_block sc_fly_static elementor-invisible elementor-widget elementor-widget-text-editor\" data-id=\"ced61d2\" data-element_type=\"widget\" data-e-type=\"widget\" data-settings=\"{&quot;_animation_delay&quot;:100,&quot;_animation&quot;:&quot;ta_fadeinup&quot;}\" data-widget_type=\"text-editor.default\">\n\t\t\t\t\t\t\t\t\t<div class=\"elementor-element elementor-element-9bb7def elementor-widget elementor-widget-text-editor\" data-id=\"9bb7def\" data-element_type=\"widget\" data-e-type=\"widget\" data-widget_type=\"text-editor.default\"><div class=\"elementor-widget-container\"><p>Umut Yolu Derne\u011fimiz, kamu yarar\u0131na faaliyet g\u00f6steren ve kar amac\u0131 g\u00fctmeyen bir dernektir. Varolu\u015f amac\u0131, Almanya\u2019da bulunan kanser hastas\u0131 \u00e7ocuklar ve onlar\u0131n aile bireyleri i\u00e7indir. Derne\u011fimizin resmi ad\u0131 ve adresi \u015f\u00f6yledir: Weg der Hoffnung Gemeinn\u00fctziger Verein f\u00fcr krebskranke Kinder und deren Familien in Deutschland e.V.<\/p><\/div><\/div><div class=\"elementor-element elementor-element-55a82bb elementor-widget elementor-widget-text-editor\" data-id=\"55a82bb\" data-element_type=\"widget\" data-e-type=\"widget\" data-widget_type=\"text-editor.default\"><div class=\"elementor-widget-container\">\u00a0<\/div><\/div><p data-start=\"179\" data-end=\"213\" data-is-last-node=\"\" data-is-only-node=\"\">Michelstra\u00dfe 21<br data-start=\"194\" data-end=\"197\" \/>46119 Oberhausen<\/p>\t\t\t\t\t\t\t\t<\/div>\n\t\t\t\t<\/div>\n\t\t<div class=\"elementor-element elementor-element-5185057 e-con-full e-flex sc_layouts_column_icons_position_left e-con e-child\" data-id=\"5185057\" data-element_type=\"container\" data-e-type=\"container\">\n\t\t\t\t<div data-animation-type=\"block\" class=\"elementor-element elementor-element-e395b1d animation_type_block sc_fly_static elementor-invisible elementor-widget elementor-widget-heading\" data-id=\"e395b1d\" data-element_type=\"widget\" data-e-type=\"widget\" data-settings=\"{&quot;_animation&quot;:&quot;ta_fadeinup&quot;}\" data-widget_type=\"heading.default\">\n\t\t\t\t\t<h6 class=\"elementor-heading-title elementor-size-default\">TEMS\u0130L EDEN <\/h6>\t\t\t\t<\/div>\n\t\t\t\t<div data-animation-type=\"block\" class=\"elementor-element elementor-element-c13a101 animation_type_block sc_fly_static elementor-invisible elementor-widget elementor-widget-text-editor\" data-id=\"c13a101\" data-element_type=\"widget\" data-e-type=\"widget\" data-settings=\"{&quot;_animation_delay&quot;:100,&quot;_animation&quot;:&quot;ta_fadeinup&quot;}\" data-widget_type=\"text-editor.default\">\n\t\t\t\t\t\t\t\t\t<p>Aynur \u00c7elikd\u00f6ven<\/p>\t\t\t\t\t\t\t\t<\/div>\n\t\t\t\t<\/div>\n\t\t<div class=\"elementor-element elementor-element-0014f65 e-con-full e-flex sc_layouts_column_icons_position_left e-con e-child\" data-id=\"0014f65\" data-element_type=\"container\" data-e-type=\"container\">\n\t\t\t\t<div data-animation-type=\"block\" class=\"elementor-element elementor-element-5b2ee44 animation_type_block sc_fly_static elementor-invisible elementor-widget elementor-widget-heading\" data-id=\"5b2ee44\" data-element_type=\"widget\" data-e-type=\"widget\" data-settings=\"{&quot;_animation&quot;:&quot;ta_fadeinup&quot;}\" data-widget_type=\"heading.default\">\n\t\t\t\t\t<h6 class=\"elementor-heading-title elementor-size-default\">\u0130leti\u015fim<\/h6>\t\t\t\t<\/div>\n\t\t\t\t<div data-animation-type=\"block\" class=\"elementor-element elementor-element-6b6717d animation_type_block sc_fly_static elementor-invisible elementor-widget elementor-widget-text-editor\" data-id=\"6b6717d\" data-element_type=\"widget\" data-e-type=\"widget\" data-settings=\"{&quot;_animation_delay&quot;:100,&quot;_animation&quot;:&quot;ta_fadeinup&quot;}\" data-widget_type=\"text-editor.default\">\n\t\t\t\t\t\t\t\t\t<p>Telefon:\u00a0+49 208 69 84 11 63<br \/>Telefon:+49 208 69 84 11 64<br \/>Mobil:\u00a0+49 152-34 33 03 32<br \/>Fax:\u00a0+49 208 69 84 80 64<\/p><p>Email:<\/p><p>info@wegderhoffnung.org<\/p>\t\t\t\t\t\t\t\t<\/div>\n\t\t\t\t<\/div>\n\t\t<div class=\"elementor-element elementor-element-1dc9d93 e-con-full e-flex sc_layouts_column_icons_position_left e-con e-child\" data-id=\"1dc9d93\" data-element_type=\"container\" data-e-type=\"container\">\n\t\t\t\t<div data-animation-type=\"block\" class=\"elementor-element elementor-element-ba6b37c animation_type_block sc_fly_static elementor-invisible elementor-widget elementor-widget-heading\" data-id=\"ba6b37c\" data-element_type=\"widget\" data-e-type=\"widget\" data-settings=\"{&quot;_animation&quot;:&quot;ta_fadeinup&quot;}\" data-widget_type=\"heading.default\">\n\t\t\t\t\t<h6 class=\"elementor-heading-title elementor-size-default\">Dernek Sicili Kayd\u0131<\/h6>\t\t\t\t<\/div>\n\t\t\t\t<div data-animation-type=\"block\" class=\"elementor-element elementor-element-ede0626 animation_type_block sc_fly_static elementor-invisible elementor-widget elementor-widget-text-editor\" data-id=\"ede0626\" data-element_type=\"widget\" data-e-type=\"widget\" data-settings=\"{&quot;_animation_delay&quot;:100,&quot;_animation&quot;:&quot;ta_fadeinup&quot;}\" data-widget_type=\"text-editor.default\">\n\t\t\t\t\t\t\t\t\t<p><strong data-start=\"59\" data-end=\"79\">Kay\u0131t Mahkemesi:<\/strong> Duisburg Sulh Hukuk Mahkemesi<br data-start=\"109\" data-end=\"112\" data-is-only-node=\"\" \/><strong data-start=\"112\" data-end=\"131\">Sicil Numaras\u0131:<\/strong> VR 41531<\/p>\t\t\t\t\t\t\t\t<\/div>\n\t\t\t\t<\/div>\n\t\t\t\t<\/div>\n\t\t\t\t\t<\/div>\n\t\t\t\t<\/div>\n\t\t<div class=\"elementor-element elementor-element-7733c7c e-con-full e-flex sc_layouts_column_icons_position_left e-con e-child\" data-id=\"7733c7c\" data-element_type=\"container\" data-e-type=\"container\">\n\t\t<div class=\"elementor-element elementor-element-d3baeba e-con-full e-flex sc_layouts_column_icons_position_left e-con e-child\" data-id=\"d3baeba\" data-element_type=\"container\" data-e-type=\"container\">\n\t\t<div class=\"elementor-element elementor-element-3dbbcd0 e-con-full e-flex sc_layouts_column_icons_position_left e-con e-child\" data-id=\"3dbbcd0\" data-element_type=\"container\" data-e-type=\"container\">\n\t\t\t\t<div data-animation-type=\"block\" class=\"elementor-element elementor-element-44e21d3 animation_type_block sc_fly_static elementor-invisible elementor-widget elementor-widget-heading\" data-id=\"44e21d3\" data-element_type=\"widget\" data-e-type=\"widget\" data-settings=\"{&quot;_animation&quot;:&quot;ta_fadeinup&quot;}\" data-widget_type=\"heading.default\">\n\t\t\t\t\t<h6 class=\"elementor-heading-title elementor-size-default\">Katma De\u011fer Vergisi (KDV)<\/h6>\t\t\t\t<\/div>\n\t\t\t\t<div data-animation-type=\"block\" class=\"elementor-element elementor-element-d7fa876 animation_type_block sc_fly_static elementor-invisible elementor-widget elementor-widget-text-editor\" data-id=\"d7fa876\" data-element_type=\"widget\" data-e-type=\"widget\" data-settings=\"{&quot;_animation_delay&quot;:100,&quot;_animation&quot;:&quot;ta_fadeinup&quot;}\" data-widget_type=\"text-editor.default\">\n\t\t\t\t\t\t\t\t\t<p><strong data-start=\"52\" data-end=\"71\">Vergi Numaras\u0131:<\/strong> 123\/5728\/0540<\/p>\t\t\t\t\t\t\t\t<\/div>\n\t\t\t\t<\/div>\n\t\t<div class=\"elementor-element elementor-element-864afa1 e-con-full e-flex sc_layouts_column_icons_position_left e-con e-child\" data-id=\"864afa1\" data-element_type=\"container\" data-e-type=\"container\">\n\t\t\t\t<div data-animation-type=\"block\" class=\"elementor-element elementor-element-74b3689 animation_type_block sc_fly_static elementor-invisible elementor-widget elementor-widget-heading\" data-id=\"74b3689\" data-element_type=\"widget\" data-e-type=\"widget\" data-settings=\"{&quot;_animation&quot;:&quot;ta_fadeinup&quot;}\" data-widget_type=\"heading.default\">\n\t\t\t\t\t<h6 class=\"elementor-heading-title elementor-size-default\">Denetim ve G\u00f6zetim Makam\u0131<\/h6>\t\t\t\t<\/div>\n\t\t\t\t<div data-animation-type=\"block\" class=\"elementor-element elementor-element-2b24038 animation_type_block sc_fly_static elementor-invisible elementor-widget elementor-widget-text-editor\" data-id=\"2b24038\" data-element_type=\"widget\" data-e-type=\"widget\" data-settings=\"{&quot;_animation_delay&quot;:100,&quot;_animation&quot;:&quot;ta_fadeinup&quot;}\" data-widget_type=\"text-editor.default\">\n\t\t\t\t\t\t\t\t\t<div class=\"flex flex-col text-sm pb-25\"><section class=\"text-token-text-primary w-full focus:outline-none [--shadow-height:45px] has-data-writing-block:pointer-events-none has-data-writing-block:-mt-(--shadow-height) has-data-writing-block:pt-(--shadow-height) [&amp;:has([data-writing-block])&gt;*]:pointer-events-auto scroll-mt-[calc(var(--header-height)+min(200px,max(70px,20svh)))]\" dir=\"auto\" data-turn-id=\"request-69e1cb8c-d130-83eb-be25-d30c447340cd-15\" data-testid=\"conversation-turn-414\" data-scroll-anchor=\"true\" data-turn=\"assistant\"><div class=\"text-base my-auto mx-auto pb-10 [--thread-content-margin:var(--thread-content-margin-xs,calc(var(--spacing)*4))] @w-sm\/main:[--thread-content-margin:var(--thread-content-margin-sm,calc(var(--spacing)*6))] @w-lg\/main:[--thread-content-margin:var(--thread-content-margin-lg,calc(var(--spacing)*16))] px-(--thread-content-margin)\"><div class=\"[--thread-content-max-width:40rem] @w-lg\/main:[--thread-content-max-width:48rem] mx-auto max-w-(--thread-content-max-width) flex-1 group\/turn-messages focus-visible:outline-hidden relative flex w-full min-w-0 flex-col agent-turn\"><div class=\"flex max-w-full flex-col gap-4 grow\"><div class=\"min-h-8 text-message relative flex w-full flex-col items-end gap-2 text-start break-words whitespace-normal outline-none keyboard-focused:focus-ring [.text-message+&amp;]:mt-1\" dir=\"auto\" tabindex=\"0\" data-message-author-role=\"assistant\" data-message-id=\"54666d99-5c7d-4dc6-85f2-63009a4ae7c5\" data-message-model-slug=\"gpt-5-3\" data-turn-start-message=\"true\"><div class=\"flex w-full flex-col gap-1 empty:hidden\"><div class=\"markdown prose dark:prose-invert w-full wrap-break-word dark markdown-new-styling\"><p>Duisburg Adliyesi<br \/>Uyu\u015fmazl\u0131k \u00c7\u00f6z\u00fcm\u00fc:\u00a0Herhangi bir anla\u015fmazl\u0131k durumunda ilk ba\u015fvuru yapaca\u011f\u0131n\u0131z yer T\u00fcketici Anla\u015fmazl\u0131\u011f\u0131 Yat\u0131\u015ft\u0131rma Dairesi\u2019dir.<\/p><\/div><\/div><\/div><\/div><\/div><\/div><\/section><\/div>\t\t\t\t\t\t\t\t<\/div>\n\t\t\t\t<\/div>\n\t\t<div class=\"elementor-element elementor-element-c004463 e-con-full e-flex sc_layouts_column_icons_position_left e-con e-child\" data-id=\"c004463\" data-element_type=\"container\" data-e-type=\"container\">\n\t\t\t\t<div data-animation-type=\"block\" class=\"elementor-element elementor-element-8b67dc1 animation_type_block sc_fly_static elementor-invisible elementor-widget elementor-widget-heading\" data-id=\"8b67dc1\" data-element_type=\"widget\" data-e-type=\"widget\" data-settings=\"{&quot;_animation&quot;:&quot;ta_fadeinup&quot;}\" data-widget_type=\"heading.default\">\n\t\t\t\t\t<h6 class=\"elementor-heading-title elementor-size-default\">Ba\u011f\u0131\u015f yap<\/h6>\t\t\t\t<\/div>\n\t\t\t\t<div data-animation-type=\"block\" class=\"elementor-element elementor-element-76f52c5 animation_type_block sc_fly_static elementor-invisible elementor-widget elementor-widget-text-editor\" data-id=\"76f52c5\" data-element_type=\"widget\" data-e-type=\"widget\" data-settings=\"{&quot;_animation_delay&quot;:100,&quot;_animation&quot;:&quot;ta_fadeinup&quot;}\" data-widget_type=\"text-editor.default\">\n\t\t\t\t\t\t\t\t\t<p><strong data-start=\"54\" data-end=\"71\">Hesap Sahibi:<\/strong> Weg der Hoffnung Gemeinn\u00fctziger Verein f\u00fcr krebskranke Kinder und deren Familien in Deutschland e.V.<br data-start=\"188\" data-end=\"191\" data-is-only-node=\"\" \/><strong data-start=\"191\" data-end=\"201\">Banka:<\/strong> Stadtsparkasse Oberhausen<br data-start=\"227\" data-end=\"230\" \/><strong data-start=\"230\" data-end=\"239\">IBAN:<\/strong> DE82 3655 0000 0050 0122 69<br data-start=\"267\" data-end=\"270\" \/><strong data-start=\"270\" data-end=\"278\">BIC:<\/strong> WELADED1OBH<\/p>\t\t\t\t\t\t\t\t<\/div>\n\t\t\t\t<\/div>\n\t\t\t\t<div data-animation-type=\"block\" class=\"elementor-element elementor-element-f902768 animation_type_block sc_fly_static elementor-invisible elementor-widget elementor-widget-text-editor\" data-id=\"f902768\" data-element_type=\"widget\" data-e-type=\"widget\" data-settings=\"{&quot;_animation_delay&quot;:100,&quot;_animation&quot;:&quot;ta_fadeinup&quot;}\" data-widget_type=\"text-editor.default\">\n\t\t\t\t\t\t\t\t\t<div class=\"flex flex-col text-sm pb-25\"><section class=\"text-token-text-primary w-full focus:outline-none [--shadow-height:45px] has-data-writing-block:pointer-events-none has-data-writing-block:-mt-(--shadow-height) has-data-writing-block:pt-(--shadow-height) [&amp;:has([data-writing-block])&gt;*]:pointer-events-auto scroll-mt-[calc(var(--header-height)+min(200px,max(70px,20svh)))]\" dir=\"auto\" data-turn-id=\"request-69e1cb8c-d130-83eb-be25-d30c447340cd-15\" data-testid=\"conversation-turn-414\" data-scroll-anchor=\"true\" data-turn=\"assistant\"><div class=\"text-base my-auto mx-auto pb-10 [--thread-content-margin:var(--thread-content-margin-xs,calc(var(--spacing)*4))] @w-sm\/main:[--thread-content-margin:var(--thread-content-margin-sm,calc(var(--spacing)*6))] @w-lg\/main:[--thread-content-margin:var(--thread-content-margin-lg,calc(var(--spacing)*16))] px-(--thread-content-margin)\"><div class=\"[--thread-content-max-width:40rem] @w-lg\/main:[--thread-content-max-width:48rem] mx-auto max-w-(--thread-content-max-width) flex-1 group\/turn-messages focus-visible:outline-hidden relative flex w-full min-w-0 flex-col agent-turn\"><div class=\"flex max-w-full flex-col gap-4 grow\"><div class=\"min-h-8 text-message relative flex w-full flex-col items-end gap-2 text-start break-words whitespace-normal outline-none keyboard-focused:focus-ring [.text-message+&amp;]:mt-1\" dir=\"auto\" tabindex=\"0\" data-message-author-role=\"assistant\" data-message-id=\"54666d99-5c7d-4dc6-85f2-63009a4ae7c5\" data-message-model-slug=\"gpt-5-3\" data-turn-start-message=\"true\"><div class=\"flex w-full flex-col gap-1 empty:hidden\"><div class=\"markdown prose dark:prose-invert w-full wrap-break-word dark markdown-new-styling\"><div class=\"elementor-element elementor-element-4feac1c e-con-full e-flex e-con e-child\" data-id=\"4feac1c\" data-element_type=\"container\" data-e-type=\"container\" data-settings=\"{&quot;_ha_eqh_enable&quot;:false}\"><div class=\"elementor-element elementor-element-55a82bb elementor-widget elementor-widget-text-editor\" data-id=\"55a82bb\" data-element_type=\"widget\" data-e-type=\"widget\" data-widget_type=\"text-editor.default\"><div class=\"elementor-widget-container\"><p><strong>Bize BA\u011eI\u015e yap\u0131n, HAYAT kurtar\u0131n!<\/strong><\/p><\/div><\/div><\/div><\/div><\/div><\/div><\/div><\/div><\/div><\/section><\/div>\t\t\t\t\t\t\t\t<\/div>\n\t\t<div class=\"elementor-element elementor-element-761530c e-con-full e-flex sc_layouts_column_icons_position_left e-con e-child\" data-id=\"761530c\" data-element_type=\"container\" data-e-type=\"container\">\n\t\t\t\t<div class=\"elementor-element elementor-element-bd28f33 sc_fly_static elementor-widget elementor-widget-button\" data-id=\"bd28f33\" data-element_type=\"widget\" data-e-type=\"widget\" data-widget_type=\"button.default\">\n\t\t\t\t\t\t\t\t\t\t<a class=\"elementor-button elementor-button-link elementor-size-sm\" href=\"https:\/\/umutyolu.org\/yeniumut\/gizlilik-politikasi\">\n\t\t\t\t\t\t<span class=\"elementor-button-content-wrapper\">\n\t\t\t\t\t\t\t\t\t<span class=\"elementor-button-text\">Gizlilik Politikas\u0131<\/span>\n\t\t\t\t\t<\/span>\n\t\t\t\t\t<\/a>\n\t\t\t\t\t\t\t\t<\/div>\n\t\t\t\t<div class=\"elementor-element elementor-element-fe28d23 sc_fly_static elementor-widget elementor-widget-button\" data-id=\"fe28d23\" data-element_type=\"widget\" data-e-type=\"widget\" data-widget_type=\"button.default\">\n\t\t\t\t\t\t\t\t\t\t<a class=\"elementor-button elementor-button-link elementor-size-sm\" href=\"https:\/\/umutyolu.org\/yeniumut\/yasal-uyari\">\n\t\t\t\t\t\t<span class=\"elementor-button-content-wrapper\">\n\t\t\t\t\t\t\t\t\t<span class=\"elementor-button-text\">Sorumluluk Reddi<\/span>\n\t\t\t\t\t<\/span>\n\t\t\t\t\t<\/a>\n\t\t\t\t\t\t\t\t<\/div>\n\t\t\t\t<\/div>\n\t\t\t\t<\/div>\n\t\t<div class=\"elementor-element elementor-element-79bc500 e-con-full e-flex sc_layouts_column_icons_position_left e-con e-child\" data-id=\"79bc500\" data-element_type=\"container\" data-e-type=\"container\">\n\t\t\t\t<div class=\"elementor-element elementor-element-19fbddb sc_fly_static elementor-widget elementor-widget-image\" data-id=\"19fbddb\" data-element_type=\"widget\" data-e-type=\"widget\" data-widget_type=\"image.default\">\n\t\t\t\t\t\t\t\t\t\t\t\t\t\t\t<img decoding=\"async\" width=\"1024\" height=\"1024\" src=\"https:\/\/umutyolu.org\/yeniumut\/wp-content\/uploads\/2026\/03\/lucid-origin_A_child_s_hand_holding_an_adult_s_hand_or_hands_clasped_together.-0.jpg\" class=\"attachment-large size-large wp-image-11781\" alt=\"\" srcset=\"https:\/\/umutyolu.org\/yeniumut\/wp-content\/uploads\/2026\/03\/lucid-origin_A_child_s_hand_holding_an_adult_s_hand_or_hands_clasped_together.-0.jpg 1024w, https:\/\/umutyolu.org\/yeniumut\/wp-content\/uploads\/2026\/03\/lucid-origin_A_child_s_hand_holding_an_adult_s_hand_or_hands_clasped_together.-0-768x768.jpg 768w, https:\/\/umutyolu.org\/yeniumut\/wp-content\/uploads\/2026\/03\/lucid-origin_A_child_s_hand_holding_an_adult_s_hand_or_hands_clasped_together.-0-370x370.jpg 370w, https:\/\/umutyolu.org\/yeniumut\/wp-content\/uploads\/2026\/03\/lucid-origin_A_child_s_hand_holding_an_adult_s_hand_or_hands_clasped_together.-0-90x90.jpg 90w, https:\/\/umutyolu.org\/yeniumut\/wp-content\/uploads\/2026\/03\/lucid-origin_A_child_s_hand_holding_an_adult_s_hand_or_hands_clasped_together.-0-924x924.jpg 924w, https:\/\/umutyolu.org\/yeniumut\/wp-content\/uploads\/2026\/03\/lucid-origin_A_child_s_hand_holding_an_adult_s_hand_or_hands_clasped_together.-0-410x410.jpg 410w\" sizes=\"(max-width: 1024px) 100vw, 1024px\" \/>\t\t\t\t\t\t\t\t\t\t\t\t\t\t\t<\/div>\n\t\t\t\t<\/div>\n\t\t\t\t<\/div>\n\t\t\t\t\t<\/div>\n\t\t\t\t<\/div>\n\t\t\t\t<\/div>\n\t\t","protected":false},"excerpt":{"rendered":"<p>Yasal Bilgiler \u00a7 Almanya\u2019n\u0131n TMG Kanunu 5. Madde\u2019sine g\u00f6re verilmesi gereken bilgilerimiz. Umut&hellip;<\/p>\n","protected":false},"author":1,"featured_media":0,"parent":0,"menu_order":0,"comment_status":"closed","ping_status":"closed","template":"","meta":{"footnotes":""},"class_list":["post-560","page","type-page","status-publish","hentry"],"jetpack_sharing_enabled":true,"_links":{"self":[{"href":"https:\/\/umutyolu.org\/yeniumut\/wp-json\/wp\/v2\/pages\/560","targetHints":{"allow":["GET"]}}],"collection":[{"href":"https:\/\/umutyolu.org\/yeniumut\/wp-json\/wp\/v2\/pages"}],"about":[{"href":"https:\/\/umutyolu.org\/yeniumut\/wp-json\/wp\/v2\/types\/page"}],"author":[{"embeddable":true,"href":"https:\/\/umutyolu.org\/yeniumut\/wp-json\/wp\/v2\/users\/1"}],"replies":[{"embeddable":true,"href":"https:\/\/umutyolu.org\/yeniumut\/wp-json\/wp\/v2\/comments?post=560"}],"version-history":[{"count":19,"href":"https:\/\/umutyolu.org\/yeniumut\/wp-json\/wp\/v2\/pages\/560\/revisions"}],"predecessor-version":[{"id":13637,"href":"https:\/\/umutyolu.org\/yeniumut\/wp-json\/wp\/v2\/pages\/560\/revisions\/13637"}],"wp:attachment":[{"href":"https:\/\/umutyolu.org\/yeniumut\/wp-json\/wp\/v2\/media?parent=560"}],"curies":[{"name":"wp","href":"https:\/\/api.w.org\/{rel}","templated":true}]}}